{"id":6791,"date":"2014-02-26T08:29:45","date_gmt":"2014-02-26T07:29:45","guid":{"rendered":"http:\/\/dai-heidelberg.de\/de\/?page_id=6791"},"modified":"2024-01-23T16:01:57","modified_gmt":"2024-01-23T15:01:57","slug":"katalog-medien","status":"publish","type":"page","link":"https:\/\/dai-heidelberg.de\/de\/bibliothek\/katalog-medien\/","title":{"rendered":"Katalog &amp; Medien"},"content":{"rendered":"<h2><a href=\"https:\/\/dai-heidelberg.bibliotheca-open.de\/\">Online-Katalog<\/a><\/h2>\n<p>In unserem Online-Katalog k\u00f6nnen Sie ausgiebig nach Medien suchen und die Verl\u00e4ngerung ausgeliehener Medien selbst vornehmen \u2013 ganz bequem auch von zuhause aus oder von unterwegs.<\/p>\n<h2><a href=\"http:\/\/ebooksusa.lib.overdrive.com\/645DDC44-46C9-4400-87AC-E9034D81B819\/10\/50\/de\/Default.htm\" target=\"_blank\" rel=\"noopener\"><strong>Angebot eBooks<\/strong><\/a><\/h2>\n<p>Mitglieder der DAI-Bibliothek haben Zugang zu unserem gro\u00dfen eBook-Angebot.<br \/>\nLassen Sie sich von unserem Personal registrieren und legen Sie los.<\/p>\n<h2><a href=\"http:\/\/elibraryusa.state.gov\/\" target=\"_blank\" rel=\"noopener noreferrer\">eLibraryUSA<\/a><\/h2>\n<p>Die eLibrary USA ist eine umfangreiche Online-Bibliothek, die unter anderem US-amerikanische wissenschaftliche Datenbanken, Magazine und Zeitschriften enth\u00e4lt. Englisch lernen, US-amerikanische Geschichte und Kultur, Gesundheit, Wirtschaft, \u00d6kologie, Film, Theater und vieles mehr \u2013 starten Sie eine fundierte Recherche zu Ihrem Thema!<\/p>\n<p>Sie k\u00f6nnen das Angebot auch ohne Leseausweis an unseren PC-Arbeitspl\u00e4tzen nutzen \u2013 unser Personal registriert Sie gerne und leistet Ihnen Hilfestellung<\/p>\n<h2>Themengebiete:<\/h2>\n<ul>\n<li>Kinder-, Jugend- und Erwachsenenliteratur<\/li>\n<li>Belletristik \/ Lyrik \/ Fantasy \/ Krimis \/ Biografien<\/li>\n<li>Sach- und Fachb\u00fccher zu Politik, Geschichte, Philosophie, Kunst, Architektur<\/li>\n<li>Graphic Novels \/ Comics<\/li>\n<li>DVDs \/ H\u00f6rb\u00fccher<\/li>\n<li>nationale &amp; internationale Zeitungen &amp; Zeitschriften (Pr\u00e4senzbestand)<\/li>\n<li>Literatur und Pr\u00fcfungsvorbereitung f\u00fcr Sprach- und Zulassungstests (TOEFL, GMAT etc.)<\/li>\n<\/ul>\n","protected":false},"excerpt":{"rendered":"<p>Online-Katalog In unserem Online-Katalog k\u00f6nnen Sie ausgiebig nach Medien suchen und die Verl\u00e4ngerung ausgeliehener Medien selbst vornehmen \u2013 ganz bequem&nbsp;&hellip;<\/p>\n","protected":false},"author":2,"featured_media":0,"parent":31300,"menu_order":0,"comment_status":"closed","ping_status":"open","template":"","meta":{"footnotes":""},"class_list":["post-6791","page","type-page","status-publish","hentry"],"better_featured_image":null,"yoast_head":"<!-- This site is optimized with the Yoast SEO plugin v27.4 - https:\/\/yoast.com\/product\/yoast-seo-wordpress\/ -->\n<title>Medienangebot der DAI Library - DAI Heidelberg. Haus der Kultur<\/title>\n<meta name=\"description\" content=\"In unserem Online-Katalog der DAI Library k\u00f6nnen Sie nach Medien suchen und ausgeliehene Medien verl\u00e4ngern. Nat\u00fcrlich haben wir auch eBooks.\" \/>\n<meta name=\"robots\" content=\"index, follow, max-snippet:-1, max-image-preview:large, max-video-preview:-1\" \/>\n<link rel=\"canonical\" href=\"https:\/\/dai-heidelberg.de\/de\/bibliothek\/katalog-medien\/\" \/>\n<meta property=\"og:locale\" content=\"de_DE\" \/>\n<meta property=\"og:type\" content=\"article\" \/>\n<meta property=\"og:title\" content=\"Medienangebot der DAI Library - DAI Heidelberg. Haus der Kultur\" \/>\n<meta property=\"og:description\" content=\"In unserem Online-Katalog der DAI Library k\u00f6nnen Sie nach Medien suchen und ausgeliehene Medien verl\u00e4ngern. Nat\u00fcrlich haben wir auch eBooks.\" \/>\n<meta property=\"og:url\" content=\"https:\/\/dai-heidelberg.de\/de\/bibliothek\/katalog-medien\/\" \/>\n<meta property=\"og:site_name\" content=\"DAI Deutsch\" \/>\n<meta property=\"article:modified_time\" content=\"2024-01-23T15:01:57+00:00\" \/>\n<meta name=\"twitter:label1\" content=\"Gesch\u00e4tzte Lesezeit\" \/>\n\t<meta name=\"twitter:data1\" content=\"1\u00a0Minute\" \/>\n<script type=\"application\/ld+json\" class=\"yoast-schema-graph\">{\"@context\":\"https:\\\/\\\/schema.org\",\"@graph\":[{\"@type\":\"WebPage\",\"@id\":\"https:\\\/\\\/dai-heidelberg.de\\\/de\\\/bibliothek\\\/katalog-medien\\\/\",\"url\":\"https:\\\/\\\/dai-heidelberg.de\\\/de\\\/bibliothek\\\/katalog-medien\\\/\",\"name\":\"Medienangebot der DAI Library - DAI Heidelberg. Haus der Kultur\",\"isPartOf\":{\"@id\":\"https:\\\/\\\/dai-heidelberg.de\\\/de\\\/#website\"},\"datePublished\":\"2014-02-26T07:29:45+00:00\",\"dateModified\":\"2024-01-23T15:01:57+00:00\",\"description\":\"In unserem Online-Katalog der DAI Library k\u00f6nnen Sie nach Medien suchen und ausgeliehene Medien verl\u00e4ngern. Nat\u00fcrlich haben wir auch eBooks.\",\"breadcrumb\":{\"@id\":\"https:\\\/\\\/dai-heidelberg.de\\\/de\\\/bibliothek\\\/katalog-medien\\\/#breadcrumb\"},\"inLanguage\":\"de\",\"potentialAction\":[{\"@type\":\"ReadAction\",\"target\":[\"https:\\\/\\\/dai-heidelberg.de\\\/de\\\/bibliothek\\\/katalog-medien\\\/\"]}]},{\"@type\":\"BreadcrumbList\",\"@id\":\"https:\\\/\\\/dai-heidelberg.de\\\/de\\\/bibliothek\\\/katalog-medien\\\/#breadcrumb\",\"itemListElement\":[{\"@type\":\"ListItem\",\"position\":1,\"name\":\"Startseite\",\"item\":\"https:\\\/\\\/dai-heidelberg.de\\\/de\\\/\"},{\"@type\":\"ListItem\",\"position\":2,\"name\":\"Bibliothek\",\"item\":\"https:\\\/\\\/dai-heidelberg.de\\\/de\\\/bibliothek\\\/\"},{\"@type\":\"ListItem\",\"position\":3,\"name\":\"Katalog &amp; Medien\"}]},{\"@type\":\"WebSite\",\"@id\":\"https:\\\/\\\/dai-heidelberg.de\\\/de\\\/#website\",\"url\":\"https:\\\/\\\/dai-heidelberg.de\\\/de\\\/\",\"name\":\"DAI Deutsch\",\"description\":\"Deutsch-Amerikanisches Institut. Haus der Kultur.\",\"potentialAction\":[{\"@type\":\"SearchAction\",\"target\":{\"@type\":\"EntryPoint\",\"urlTemplate\":\"https:\\\/\\\/dai-heidelberg.de\\\/de\\\/?s={search_term_string}\"},\"query-input\":{\"@type\":\"PropertyValueSpecification\",\"valueRequired\":true,\"valueName\":\"search_term_string\"}}],\"inLanguage\":\"de\"}]}<\/script>\n<!-- \/ Yoast SEO plugin. -->","yoast_head_json":{"title":"Medienangebot der DAI Library - DAI Heidelberg. Haus der Kultur","description":"In unserem Online-Katalog der DAI Library k\u00f6nnen Sie nach Medien suchen und ausgeliehene Medien verl\u00e4ngern. Nat\u00fcrlich haben wir auch eBooks.","robots":{"index":"index","follow":"follow","max-snippet":"max-snippet:-1","max-image-preview":"max-image-preview:large","max-video-preview":"max-video-preview:-1"},"canonical":"https:\/\/dai-heidelberg.de\/de\/bibliothek\/katalog-medien\/","og_locale":"de_DE","og_type":"article","og_title":"Medienangebot der DAI Library - DAI Heidelberg. Haus der Kultur","og_description":"In unserem Online-Katalog der DAI Library k\u00f6nnen Sie nach Medien suchen und ausgeliehene Medien verl\u00e4ngern. Nat\u00fcrlich haben wir auch eBooks.","og_url":"https:\/\/dai-heidelberg.de\/de\/bibliothek\/katalog-medien\/","og_site_name":"DAI Deutsch","article_modified_time":"2024-01-23T15:01:57+00:00","twitter_misc":{"Gesch\u00e4tzte Lesezeit":"1\u00a0Minute"},"schema":{"@context":"https:\/\/schema.org","@graph":[{"@type":"WebPage","@id":"https:\/\/dai-heidelberg.de\/de\/bibliothek\/katalog-medien\/","url":"https:\/\/dai-heidelberg.de\/de\/bibliothek\/katalog-medien\/","name":"Medienangebot der DAI Library - DAI Heidelberg. Haus der Kultur","isPartOf":{"@id":"https:\/\/dai-heidelberg.de\/de\/#website"},"datePublished":"2014-02-26T07:29:45+00:00","dateModified":"2024-01-23T15:01:57+00:00","description":"In unserem Online-Katalog der DAI Library k\u00f6nnen Sie nach Medien suchen und ausgeliehene Medien verl\u00e4ngern. Nat\u00fcrlich haben wir auch eBooks.","breadcrumb":{"@id":"https:\/\/dai-heidelberg.de\/de\/bibliothek\/katalog-medien\/#breadcrumb"},"inLanguage":"de","potentialAction":[{"@type":"ReadAction","target":["https:\/\/dai-heidelberg.de\/de\/bibliothek\/katalog-medien\/"]}]},{"@type":"BreadcrumbList","@id":"https:\/\/dai-heidelberg.de\/de\/bibliothek\/katalog-medien\/#breadcrumb","itemListElement":[{"@type":"ListItem","position":1,"name":"Startseite","item":"https:\/\/dai-heidelberg.de\/de\/"},{"@type":"ListItem","position":2,"name":"Bibliothek","item":"https:\/\/dai-heidelberg.de\/de\/bibliothek\/"},{"@type":"ListItem","position":3,"name":"Katalog &amp; Medien"}]},{"@type":"WebSite","@id":"https:\/\/dai-heidelberg.de\/de\/#website","url":"https:\/\/dai-heidelberg.de\/de\/","name":"DAI Deutsch","description":"Deutsch-Amerikanisches Institut. Haus der Kultur.","potentialAction":[{"@type":"SearchAction","target":{"@type":"EntryPoint","urlTemplate":"https:\/\/dai-heidelberg.de\/de\/?s={search_term_string}"},"query-input":{"@type":"PropertyValueSpecification","valueRequired":true,"valueName":"search_term_string"}}],"inLanguage":"de"}]}},"_links":{"self":[{"href":"https:\/\/dai-heidelberg.de\/de\/wp-json\/wp\/v2\/pages\/6791","targetHints":{"allow":["GET"]}}],"collection":[{"href":"https:\/\/dai-heidelberg.de\/de\/wp-json\/wp\/v2\/pages"}],"about":[{"href":"https:\/\/dai-heidelberg.de\/de\/wp-json\/wp\/v2\/types\/page"}],"author":[{"embeddable":true,"href":"https:\/\/dai-heidelberg.de\/de\/wp-json\/wp\/v2\/users\/2"}],"replies":[{"embeddable":true,"href":"https:\/\/dai-heidelberg.de\/de\/wp-json\/wp\/v2\/comments?post=6791"}],"version-history":[{"count":22,"href":"https:\/\/dai-heidelberg.de\/de\/wp-json\/wp\/v2\/pages\/6791\/revisions"}],"predecessor-version":[{"id":42541,"href":"https:\/\/dai-heidelberg.de\/de\/wp-json\/wp\/v2\/pages\/6791\/revisions\/42541"}],"up":[{"embeddable":true,"href":"https:\/\/dai-heidelberg.de\/de\/wp-json\/wp\/v2\/pages\/31300"}],"wp:attachment":[{"href":"https:\/\/dai-heidelberg.de\/de\/wp-json\/wp\/v2\/media?parent=6791"}],"curies":[{"name":"wp","href":"https:\/\/api.w.org\/{rel}","templated":true}]}}