{"id":62660,"date":"2024-04-16T15:17:09","date_gmt":"2024-04-16T13:17:09","guid":{"rendered":"https:\/\/dai-heidelberg.de\/de\/?page_id=62660"},"modified":"2026-03-23T13:48:30","modified_gmt":"2026-03-23T12:48:30","slug":"abiturvorbereitung","status":"publish","type":"page","link":"https:\/\/dai-heidelberg.de\/de\/sprachschule\/kids-teens\/abiturvorbereitung\/","title":{"rendered":"Abi-Vorbereitung: Englisch"},"content":{"rendered":"<p>Wir bieten eine gezielte Pr\u00fcfungsvorbereitung f\u00fcr AbiturientInnen an. Unsere Lehrkr\u00e4fte bereiten Sch\u00fclerInnen der Oberstufe intensiv auf die schriftliche und m\u00fcndliche Abiturpr\u00fcfung vor. Durch die inhaltliche Wiederholung und viel Sprachpraxis gewinnen die Sch\u00fclerInnen an Sicherheit, die anstehenden Pr\u00fcfungen zu meistern.<\/p>\n<hr \/>\n<h2><b>Online Abi-Vorbereitung<\/b><\/h2>\n<p>Unser\u00a0Online-Abi-Vorbereitungskurs dient zur Wiederholung und Vertiefung des gesamten pr\u00fcfungsrelevanten Stoffs und als letzter Schliff kurz vor den\u00a0Abiturpr\u00fcfungen. Mit uns bereiten sich Sch\u00fclerInnen\u00a0flexibel und\u00a0effizient\u00a0auf das\u00a0schriftliche und m\u00fcndliche Abitur vor!<\/p>\n<p>Einzelunterricht: 35,- \u20ac (60 Minuten)<br \/>\n<a href=\"m&#97;&#105;&#x6c;&#x74;o:&#115;&#112;&#x72;&#x61;ch&#115;&#99;&#x68;&#x75;le&#64;&#x64;&#x61;&#x69;-&#104;&#101;&#x69;&#x64;&#x65;l&#98;&#101;&#x72;&#x67;&#x2e;d&#101;?subject=Anmelden:Online Abi Vorbereitung\">Anmelden<\/a><\/p>\n<hr \/>\n<h2><strong>Abi-Intensivkurs \u2013 Ferienkurse<\/strong><\/h2>\n<p>Im Abi-Intensivkurs bereiten sich AbiturientInnen umfassend auf die schriftliche und m\u00fcndliche Abschlusspr\u00fcfung vor mit viel Sprachpraxis, gezielter Wiederholung zentraler Inhalte und Schreib\u00fcbungen.<\/p>\n<p><strong>Abi-Intensivkurs in den Osterferien 2026<br \/>\n<\/strong>13:30 Uhr\u2013 16:30 Uhr<br \/>\n4 Tage: 224,- \u20ac \/ DAI-Mitglieder: 201,60 \u20ac<br \/>\n1. Woche: 30.03.2026 bis 02.04.2026 <span style=\"color: #ff0000;\">(Warteliste)<\/span><br \/>\n2. Woche: 07.04.2026 bis 10.04.2026 <span style=\"color: #ff0000;\">(freie Pl\u00e4tze)<\/span><br \/>\n<a href=\"&#109;&#x61;&#105;&#x6c;&#116;&#x6f;:&#x73;p&#114;&#x61;&#99;&#x68;&#115;&#x63;h&#x75;l&#101;&#x40;&#100;&#x61;&#105;&#x2d;&#104;&#x65;i&#x64;e&#108;&#x62;&#101;&#x72;&#103;&#x2e;d&#x65;?subject=Anmelden: Abi-Intensivkurs in den Osterferien\">Anmelden<\/a><\/p>\n<hr \/>\n<h2><strong>English Writing Lab \u2013 Fit f\u00fcrs Englisch-Abitur<\/strong><\/h2>\n<p>Ein praxisnaher Kurs f\u00fcr Sch\u00fcler*innen, die sich gezielt auf das schriftliche Englisch-Abitur in Baden-W\u00fcrttemberg \/ Hessen \/ Rheinland-Pfalz vorbereiten m\u00f6chten.<\/p>\n<p>Donnerstags: 17:30 \u2013 18:30 Uhr<br \/>\nGeb\u00fchr: 25,- \u20ac\u00a0 (60 Minuten)<\/p>\n<p>Ge\u00fcbt werden Zusammenfassungen, Analysen, Kommentare und Berichte.<br \/>\nDabei wird der Wortschatz, die Grammatik und der Stil verbessert und erweitert, um Operatoren sicher anzuwenden.<br \/>\nMit regelm\u00e4\u00dfigem Feedback werden Schreibkompetenz f\u00fcr das Abitur und dar\u00fcber hinaus gest\u00e4rkt.<\/p>\n<p><a href=\"&#x6d;a&#x69;&#108;t&#x6f;&#58;&#x73;&#112;r&#x61;&#99;&#x68;&#115;c&#x68;&#117;&#x6c;&#x65;&#64;&#x64;&#97;i&#x2d;&#104;&#x65;&#105;d&#x65;&#108;&#x62;&#101;r&#x67;&#46;&#x64;&#x65;?subject=Anmelden: English Writing Lab \u2013 Fit f\u00fcrs Englisch-Abitur\">Anmelden<\/a><\/p>\n","protected":false},"excerpt":{"rendered":"<p>Wir bieten eine gezielte Pr\u00fcfungsvorbereitung f\u00fcr AbiturientInnen an. Unsere Lehrkr\u00e4fte bereiten Sch\u00fclerInnen der Oberstufe intensiv auf die schriftliche und m\u00fcndliche&nbsp;&hellip;<\/p>\n","protected":false},"author":10,"featured_media":0,"parent":59951,"menu_order":3,"comment_status":"closed","ping_status":"closed","template":"","meta":{"footnotes":""},"class_list":["post-62660","page","type-page","status-publish","hentry"],"better_featured_image":null,"yoast_head":"<!-- This site is optimized with the Yoast SEO plugin v27.3 - https:\/\/yoast.com\/product\/yoast-seo-wordpress\/ -->\n<title>Abi-Vorbereitung: Englisch - Deutsch-Amerikanisches Institut. Haus der Kultur.<\/title>\n<meta name=\"robots\" content=\"index, follow, max-snippet:-1, max-image-preview:large, max-video-preview:-1\" \/>\n<link rel=\"canonical\" href=\"https:\/\/dai-heidelberg.de\/de\/sprachschule\/kids-teens\/abiturvorbereitung\/\" \/>\n<meta property=\"og:locale\" content=\"de_DE\" \/>\n<meta property=\"og:type\" content=\"article\" \/>\n<meta property=\"og:title\" content=\"Abi-Vorbereitung: Englisch - Deutsch-Amerikanisches Institut. Haus der Kultur.\" \/>\n<meta property=\"og:description\" content=\"Wir bieten eine gezielte Pr\u00fcfungsvorbereitung f\u00fcr AbiturientInnen an. Unsere Lehrkr\u00e4fte bereiten Sch\u00fclerInnen der Oberstufe intensiv auf die schriftliche und m\u00fcndliche&nbsp;&hellip;\" \/>\n<meta property=\"og:url\" content=\"https:\/\/dai-heidelberg.de\/de\/sprachschule\/kids-teens\/abiturvorbereitung\/\" \/>\n<meta property=\"og:site_name\" content=\"DAI Deutsch\" \/>\n<meta property=\"article:modified_time\" content=\"2026-03-23T12:48:30+00:00\" \/>\n<meta name=\"twitter:label1\" content=\"Gesch\u00e4tzte Lesezeit\" \/>\n\t<meta name=\"twitter:data1\" content=\"2\u00a0Minuten\" \/>\n<script type=\"application\/ld+json\" class=\"yoast-schema-graph\">{\"@context\":\"https:\\\/\\\/schema.org\",\"@graph\":[{\"@type\":\"WebPage\",\"@id\":\"https:\\\/\\\/dai-heidelberg.de\\\/de\\\/sprachschule\\\/kids-teens\\\/abiturvorbereitung\\\/\",\"url\":\"https:\\\/\\\/dai-heidelberg.de\\\/de\\\/sprachschule\\\/kids-teens\\\/abiturvorbereitung\\\/\",\"name\":\"Abi-Vorbereitung: Englisch - Deutsch-Amerikanisches Institut. Haus der Kultur.\",\"isPartOf\":{\"@id\":\"https:\\\/\\\/dai-heidelberg.de\\\/de\\\/#website\"},\"datePublished\":\"2024-04-16T13:17:09+00:00\",\"dateModified\":\"2026-03-23T12:48:30+00:00\",\"breadcrumb\":{\"@id\":\"https:\\\/\\\/dai-heidelberg.de\\\/de\\\/sprachschule\\\/kids-teens\\\/abiturvorbereitung\\\/#breadcrumb\"},\"inLanguage\":\"de\",\"potentialAction\":[{\"@type\":\"ReadAction\",\"target\":[\"https:\\\/\\\/dai-heidelberg.de\\\/de\\\/sprachschule\\\/kids-teens\\\/abiturvorbereitung\\\/\"]}]},{\"@type\":\"BreadcrumbList\",\"@id\":\"https:\\\/\\\/dai-heidelberg.de\\\/de\\\/sprachschule\\\/kids-teens\\\/abiturvorbereitung\\\/#breadcrumb\",\"itemListElement\":[{\"@type\":\"ListItem\",\"position\":1,\"name\":\"Startseite\",\"item\":\"https:\\\/\\\/dai-heidelberg.de\\\/de\\\/\"},{\"@type\":\"ListItem\",\"position\":2,\"name\":\"DAI Sprachschule\",\"item\":\"https:\\\/\\\/dai-heidelberg.de\\\/de\\\/sprachschule\\\/\"},{\"@type\":\"ListItem\",\"position\":3,\"name\":\"Kids &amp; Teens\",\"item\":\"https:\\\/\\\/dai-heidelberg.de\\\/de\\\/sprachschule\\\/kids-teens\\\/\"},{\"@type\":\"ListItem\",\"position\":4,\"name\":\"Abi-Vorbereitung: Englisch\"}]},{\"@type\":\"WebSite\",\"@id\":\"https:\\\/\\\/dai-heidelberg.de\\\/de\\\/#website\",\"url\":\"https:\\\/\\\/dai-heidelberg.de\\\/de\\\/\",\"name\":\"DAI Deutsch\",\"description\":\"Deutsch-Amerikanisches Institut. Haus der Kultur.\",\"potentialAction\":[{\"@type\":\"SearchAction\",\"target\":{\"@type\":\"EntryPoint\",\"urlTemplate\":\"https:\\\/\\\/dai-heidelberg.de\\\/de\\\/?s={search_term_string}\"},\"query-input\":{\"@type\":\"PropertyValueSpecification\",\"valueRequired\":true,\"valueName\":\"search_term_string\"}}],\"inLanguage\":\"de\"}]}<\/script>\n<!-- \/ Yoast SEO plugin. -->","yoast_head_json":{"title":"Abi-Vorbereitung: Englisch - Deutsch-Amerikanisches Institut. Haus der Kultur.","robots":{"index":"index","follow":"follow","max-snippet":"max-snippet:-1","max-image-preview":"max-image-preview:large","max-video-preview":"max-video-preview:-1"},"canonical":"https:\/\/dai-heidelberg.de\/de\/sprachschule\/kids-teens\/abiturvorbereitung\/","og_locale":"de_DE","og_type":"article","og_title":"Abi-Vorbereitung: Englisch - Deutsch-Amerikanisches Institut. Haus der Kultur.","og_description":"Wir bieten eine gezielte Pr\u00fcfungsvorbereitung f\u00fcr AbiturientInnen an. Unsere Lehrkr\u00e4fte bereiten Sch\u00fclerInnen der Oberstufe intensiv auf die schriftliche und m\u00fcndliche&nbsp;&hellip;","og_url":"https:\/\/dai-heidelberg.de\/de\/sprachschule\/kids-teens\/abiturvorbereitung\/","og_site_name":"DAI Deutsch","article_modified_time":"2026-03-23T12:48:30+00:00","twitter_misc":{"Gesch\u00e4tzte Lesezeit":"2\u00a0Minuten"},"schema":{"@context":"https:\/\/schema.org","@graph":[{"@type":"WebPage","@id":"https:\/\/dai-heidelberg.de\/de\/sprachschule\/kids-teens\/abiturvorbereitung\/","url":"https:\/\/dai-heidelberg.de\/de\/sprachschule\/kids-teens\/abiturvorbereitung\/","name":"Abi-Vorbereitung: Englisch - Deutsch-Amerikanisches Institut. Haus der Kultur.","isPartOf":{"@id":"https:\/\/dai-heidelberg.de\/de\/#website"},"datePublished":"2024-04-16T13:17:09+00:00","dateModified":"2026-03-23T12:48:30+00:00","breadcrumb":{"@id":"https:\/\/dai-heidelberg.de\/de\/sprachschule\/kids-teens\/abiturvorbereitung\/#breadcrumb"},"inLanguage":"de","potentialAction":[{"@type":"ReadAction","target":["https:\/\/dai-heidelberg.de\/de\/sprachschule\/kids-teens\/abiturvorbereitung\/"]}]},{"@type":"BreadcrumbList","@id":"https:\/\/dai-heidelberg.de\/de\/sprachschule\/kids-teens\/abiturvorbereitung\/#breadcrumb","itemListElement":[{"@type":"ListItem","position":1,"name":"Startseite","item":"https:\/\/dai-heidelberg.de\/de\/"},{"@type":"ListItem","position":2,"name":"DAI Sprachschule","item":"https:\/\/dai-heidelberg.de\/de\/sprachschule\/"},{"@type":"ListItem","position":3,"name":"Kids &amp; Teens","item":"https:\/\/dai-heidelberg.de\/de\/sprachschule\/kids-teens\/"},{"@type":"ListItem","position":4,"name":"Abi-Vorbereitung: Englisch"}]},{"@type":"WebSite","@id":"https:\/\/dai-heidelberg.de\/de\/#website","url":"https:\/\/dai-heidelberg.de\/de\/","name":"DAI Deutsch","description":"Deutsch-Amerikanisches Institut. Haus der Kultur.","potentialAction":[{"@type":"SearchAction","target":{"@type":"EntryPoint","urlTemplate":"https:\/\/dai-heidelberg.de\/de\/?s={search_term_string}"},"query-input":{"@type":"PropertyValueSpecification","valueRequired":true,"valueName":"search_term_string"}}],"inLanguage":"de"}]}},"_links":{"self":[{"href":"https:\/\/dai-heidelberg.de\/de\/wp-json\/wp\/v2\/pages\/62660","targetHints":{"allow":["GET"]}}],"collection":[{"href":"https:\/\/dai-heidelberg.de\/de\/wp-json\/wp\/v2\/pages"}],"about":[{"href":"https:\/\/dai-heidelberg.de\/de\/wp-json\/wp\/v2\/types\/page"}],"author":[{"embeddable":true,"href":"https:\/\/dai-heidelberg.de\/de\/wp-json\/wp\/v2\/users\/10"}],"replies":[{"embeddable":true,"href":"https:\/\/dai-heidelberg.de\/de\/wp-json\/wp\/v2\/comments?post=62660"}],"version-history":[{"count":22,"href":"https:\/\/dai-heidelberg.de\/de\/wp-json\/wp\/v2\/pages\/62660\/revisions"}],"predecessor-version":[{"id":73131,"href":"https:\/\/dai-heidelberg.de\/de\/wp-json\/wp\/v2\/pages\/62660\/revisions\/73131"}],"up":[{"embeddable":true,"href":"https:\/\/dai-heidelberg.de\/de\/wp-json\/wp\/v2\/pages\/59951"}],"wp:attachment":[{"href":"https:\/\/dai-heidelberg.de\/de\/wp-json\/wp\/v2\/media?parent=62660"}],"curies":[{"name":"wp","href":"https:\/\/api.w.org\/{rel}","templated":true}]}}