{"id":59959,"date":"2023-11-17T16:33:15","date_gmt":"2023-11-17T15:33:15","guid":{"rendered":"https:\/\/dai-heidelberg.de\/de\/?page_id=59959"},"modified":"2024-07-24T17:59:47","modified_gmt":"2024-07-24T15:59:47","slug":"angebote-fuer-schulen","status":"publish","type":"page","link":"https:\/\/dai-heidelberg.de\/de\/sprachschule\/angebote-fuer-schulen\/","title":{"rendered":"Angebote f\u00fcr Schulen"},"content":{"rendered":"<p><img loading=\"lazy\" decoding=\"async\" class=\"alignnone size-full wp-image-62785\" src=\"https:\/\/dai-heidelberg.de\/de\/wp-content\/uploads\/sites\/2\/2024\/04\/Portrait-Bilder-fuer-Website_AngeboteSchulen-min.jpg\" alt=\"\" width=\"1417\" height=\"830\" srcset=\"https:\/\/dai-heidelberg.de\/de\/wp-content\/uploads\/sites\/2\/2024\/04\/Portrait-Bilder-fuer-Website_AngeboteSchulen-min.jpg 1417w, https:\/\/dai-heidelberg.de\/de\/wp-content\/uploads\/sites\/2\/2024\/04\/Portrait-Bilder-fuer-Website_AngeboteSchulen-min-300x176.jpg 300w, https:\/\/dai-heidelberg.de\/de\/wp-content\/uploads\/sites\/2\/2024\/04\/Portrait-Bilder-fuer-Website_AngeboteSchulen-min-1024x600.jpg 1024w, https:\/\/dai-heidelberg.de\/de\/wp-content\/uploads\/sites\/2\/2024\/04\/Portrait-Bilder-fuer-Website_AngeboteSchulen-min-768x450.jpg 768w, https:\/\/dai-heidelberg.de\/de\/wp-content\/uploads\/sites\/2\/2024\/04\/Portrait-Bilder-fuer-Website_AngeboteSchulen-min-820x480.jpg 820w\" sizes=\"auto, (max-width: 1417px) 100vw, 1417px\" \/><\/p>\n<p>Sie m\u00f6chten an Ihrer Schule eine Englisch-AG oder einen Konversationskurs einf\u00fchren? Wir helfen Ihnen dabei!<\/p>\n<ul>\n<li><a href=\"#englisch-ag\">Englisch-AG (Grundschule)<\/a><\/li>\n<li><a href=\"#englisch-konversationskurs\">Englisch-Konversationskurs (weiterf\u00fchrende Schule)<\/a><\/li>\n<li><a href=\"#buehne-frei-fuer-die-wissenschaft\">B\u00fchne frei f\u00fcr die Wissenschaft! (Klasse 9 \u2013 12)<\/a><\/li>\n<li><a href=\"#it-ag\">IT-AG auf Englisch (Klasse 1\u200a\u2013 4)<\/a><\/li>\n<li><a href=\"#art-explorers\">Art Explorers-AG (Klasse 1 \u2013 4)<\/a><\/li>\n<\/ul>\n<p>Termine auf Anfrage.<\/p>\n<hr \/>\n<h2>Kontakt<\/h2>\n<p><strong>DAI Sprachschule<\/strong><\/p>\n<p>DAI Heidelberg<br \/>\nSofienstra\u00dfe 12<br \/>\n69115 Heidelberg<br \/>\nwww.dai-heidelberg.de<br \/>\nTel: +49 (0) 6221 6073 12<br \/>\nE-Mail:\u00a0<a href=\"&#x6d;&#x61;&#x69;&#108;&#116;o:&#x73;&#x70;&#x72;&#97;&#99;hs&#x63;&#x68;&#x75;&#108;&#101;&#64;d&#x61;&#x69;&#x2d;&#104;&#101;id&#x65;&#x6c;&#x62;&#101;&#114;g&#46;&#x64;&#x65;\">&#115;p&#x72;a&#x63;h&#x73;c&#x68;u&#x6c;e&#x40;&#100;&#x61;&#105;&#x2d;&#104;&#x65;&#105;&#x64;&#101;&#x6c;&#98;&#x65;&#114;g&#x2e;d&#x65;<\/a><\/p>\n<p>Die Anmeldungen f\u00fcr alle Sprachschulkurse kommt nur nach erfolgter Best\u00e4tigung durch die DAI Sprachschule zustande.<br \/>\n<a name=\"englisch-ag\"><\/a><\/p>\n<hr \/>\n<p><b>Englisch-AG\u00a0<\/b>(Grundschule)<br \/>\nGrundschulkinder werden in der Englisch-AG von unseren Lehrkr\u00e4ften spielerisch und altersgerecht an die englische Sprache herangef\u00fchrt. Die Kursstunden sind sehr abwechslungsreich und kreativ gestaltet, sodass die Kinder schnell einen Zugang zur englischen Sprache finden und sich m\u00fchelos Aussprache und Satzstrukturen einpr\u00e4gen.<\/p>\n<p>Geb\u00fchr: 6,- \u20ac pro Termin pro Sch\u00fclerIn (min. 8 TeilnehmerInnen)<br \/>\n<a href=\"&#x6d;&#97;i&#x6c;&#x74;&#111;:&#x73;&#x70;&#114;a&#x63;&#x68;&#115;c&#x68;&#x75;&#108;e&#x40;&#100;&#97;i&#x2d;&#104;e&#x69;&#x64;&#101;l&#x62;&#x65;&#114;g&#x2e;&#x64;&#101;?subject=Anfrage Angebote f\u00fcr Schulen: Englisch-AG\">Kursanfrage erstellen<\/a><br \/>\n<a name=\"englisch-konversationskurs\"><\/a><\/p>\n<hr \/>\n<p><b>Englisch-Konversationskurs\u00a0<\/b>(weiterf\u00fchrende Schule)<br \/>\nHier dreht sich alles um die Kommunikation \u2013 von Alltagsthemen bis hin zu aktuellen Diskussionen \u2013 im Konversationskurs haben die Sch\u00fclerInnen die M\u00f6glichkeit, ihre Englischkenntnisse intensiv anzuwenden und sich mit KlassenkameradInnen \u00fcber vielf\u00e4ltige spannende Themen auszutauschen. Dabei \u00fcben sie, sich auch spontan auf Englisch zu \u00e4u\u00dfern.<\/p>\n<p>Geb\u00fchr: 12,- \u20ac pro Termin pro Sch\u00fclerIn (min. 4 TeilnehmerInnen)<br \/>\n<a href=\"&#109;&#x61;i&#x6c;t&#111;&#x3a;&#115;&#x70;r&#97;&#x63;&#104;&#x73;c&#x68;&#x75;&#108;&#x65;&#64;&#x64;a&#105;&#x2d;&#104;&#x65;i&#100;&#x65;&#108;&#x62;e&#114;&#x67;&#46;&#x64;e?subject=Anfrage Angebote f\u00fcr Schulen: Englisch-Konversationskurs\">Kursanfrage erstellen<\/a><br \/>\n<a name=\"buehne-frei-fuer-die-wissenschaft\"><\/a><\/p>\n<hr \/>\n<p><b>B\u00fchne frei f\u00fcr die Wissenschaft! <\/b>(Klasse 9 \u2013 12)<b>\u00a0<\/b><br \/>\nDie moderne\u00a0<b>Wissenschaft<\/b>\u00a0hat die Welt\u00a0<b>drama<\/b>tisch ver\u00e4ndert, warum nicht beide Entwicklungen zusammenbringen? Ja, Sie haben richtig gelesen. In der DAI Sprachschule haben wir erkannt, dass Sch\u00fclerInnen in mehreren Bereichen gef\u00f6rdert werden k\u00f6nnen \u2013 und oft auch wollen. Daher unterst\u00fctzen wir f\u00e4cher\u00fcbergreifende Verkn\u00fcpfungen und verbinden Wissenschaft, Sprache und Theater miteinander. Der preisgekr\u00f6nte Wissenschaftskommunikator und Forscher der Universit\u00e4t Heidelberg\u00a0<b>Veli Vural Uslu<\/b>\u00a0l\u00e4dt Sch\u00fclerInnen zu einem 8-w\u00f6chigen Improvisationstheater-Workshop ein, der mit einer Wissenschaftstheater-Auff\u00fchrung im DAI Heidelberg endet.<\/p>\n<p>Preise auf Anfrage<br \/>\n<a href=\"&#x6d;&#97;i&#x6c;&#116;o&#x3a;&#115;p&#x72;&#97;c&#x68;&#115;c&#x68;&#x75;l&#x65;&#x40;&#100;&#x61;&#x69;&#45;&#x68;&#x65;&#105;d&#x65;&#108;b&#x65;&#114;g&#x2e;&#100;e?subject=Anfrage Angebote f\u00fcr Schulen: B\u00fchne frei f\u00fcr die Wissenschaft\">Kursanfrage erstellen<\/a><br \/>\n<a name=\"it-ag\"><\/a><\/p>\n<hr \/>\n<p><strong>IT-AG auf Englisch (Klasse 1\u200a\u2013 4)<\/strong><\/p>\n<p>Die Sch\u00fclerInnen erhalten Einblick in die verschiedenen T\u00e4tigkeitsfelder der IT. Jede Woche besch\u00e4ftigen sie sich mit einem neuen, spannenden Projekt, zum Beispiel mit dem Entwurf einer futuristischen Stadt mit Minecraft, dem Design einer Website mit einem WYSIWYG-Editor u. v. m.<\/p>\n<p>Geb\u00fchr: 6,- \u20ac pro Termin pro Sch\u00fclerIn (min. 8 TeilnehmerInnen)<br \/>\n<a href=\"&#x6d;&#x61;&#105;&#108;t&#x6f;&#x3a;&#x73;&#112;ra&#x63;&#x68;&#115;&#99;h&#x75;&#x6c;&#x65;&#64;da&#x69;&#x2d;&#104;&#101;i&#x64;&#x65;&#x6c;&#98;er&#x67;&#x2e;&#100;&#101;?subject=Anfrage Angebote f\u00fcr Schulen: IT-AG auf Englisch\">Kursanfrage erstellen<\/a><br \/>\n<a name=\"art-explorers\"><\/a><\/p>\n<hr \/>\n<p><strong>Art Explorers-AG (Klasse 1 \u2013 4)<\/strong><\/p>\n<p>Eine aufregende Reise durch die Kunstgeschichte, bei der sich Kinder kreativ entfalten und dabei jede Menge \u00fcber Kunst, ihre Techniken und ihre Geschichte lernen \u2013 auf Englisch oder auf Deutsch.<\/p>\n<p>Geb\u00fchr: 12,- \u20ac pro Termin pro Sch\u00fclerIn (min. 4 TeilnehmerInnen)<br \/>\n<a href=\"&#109;&#x61;&#105;&#x6c;t&#111;&#x3a;&#115;&#x70;r&#x61;c&#104;&#x73;&#99;&#x68;u&#x6c;&#x65;&#64;&#x64;a&#x69;-&#104;&#x65;&#105;&#x64;e&#x6c;b&#101;&#x72;&#103;&#x2e;d&#101;?subject=Anfrage Angebote f\u00fcr Schulen: Art Explorers-AG\">Kursanfrage erstellen<\/a><\/p>\n","protected":false},"excerpt":{"rendered":"<p>Sie m\u00f6chten an Ihrer Schule eine Englisch-AG oder einen Konversationskurs einf\u00fchren? Wir helfen Ihnen dabei! Englisch-AG (Grundschule) Englisch-Konversationskurs (weiterf\u00fchrende Schule)&nbsp;&hellip;<\/p>\n","protected":false},"author":10,"featured_media":0,"parent":14,"menu_order":4,"comment_status":"closed","ping_status":"closed","template":"","meta":{"footnotes":""},"class_list":["post-59959","page","type-page","status-publish","hentry"],"better_featured_image":null,"yoast_head":"<!-- This site is optimized with the Yoast SEO plugin v27.4 - https:\/\/yoast.com\/product\/yoast-seo-wordpress\/ -->\n<title>Angebote f\u00fcr Schulen - Deutsch-Amerikanisches Institut. Haus der Kultur.<\/title>\n<meta name=\"robots\" content=\"index, follow, max-snippet:-1, max-image-preview:large, max-video-preview:-1\" \/>\n<link rel=\"canonical\" href=\"https:\/\/dai-heidelberg.de\/de\/sprachschule\/angebote-fuer-schulen\/\" \/>\n<meta property=\"og:locale\" content=\"de_DE\" \/>\n<meta property=\"og:type\" content=\"article\" \/>\n<meta property=\"og:title\" content=\"Angebote f\u00fcr Schulen - Deutsch-Amerikanisches Institut. Haus der Kultur.\" \/>\n<meta property=\"og:description\" content=\"Sie m\u00f6chten an Ihrer Schule eine Englisch-AG oder einen Konversationskurs einf\u00fchren? Wir helfen Ihnen dabei! Englisch-AG (Grundschule) Englisch-Konversationskurs (weiterf\u00fchrende Schule)&nbsp;&hellip;\" \/>\n<meta property=\"og:url\" content=\"https:\/\/dai-heidelberg.de\/de\/sprachschule\/angebote-fuer-schulen\/\" \/>\n<meta property=\"og:site_name\" content=\"DAI Deutsch\" \/>\n<meta property=\"article:modified_time\" content=\"2024-07-24T15:59:47+00:00\" \/>\n<meta property=\"og:image\" content=\"https:\/\/dai-heidelberg.de\/de\/wp-content\/uploads\/sites\/2\/2024\/04\/Portrait-Bilder-fuer-Website_AngeboteSchulen-min.jpg\" \/>\n<meta name=\"twitter:label1\" content=\"Gesch\u00e4tzte Lesezeit\" \/>\n\t<meta name=\"twitter:data1\" content=\"3\u00a0Minuten\" \/>\n<script type=\"application\/ld+json\" class=\"yoast-schema-graph\">{\"@context\":\"https:\\\/\\\/schema.org\",\"@graph\":[{\"@type\":\"WebPage\",\"@id\":\"https:\\\/\\\/dai-heidelberg.de\\\/de\\\/sprachschule\\\/angebote-fuer-schulen\\\/\",\"url\":\"https:\\\/\\\/dai-heidelberg.de\\\/de\\\/sprachschule\\\/angebote-fuer-schulen\\\/\",\"name\":\"Angebote f\u00fcr Schulen - Deutsch-Amerikanisches Institut. Haus der Kultur.\",\"isPartOf\":{\"@id\":\"https:\\\/\\\/dai-heidelberg.de\\\/de\\\/#website\"},\"primaryImageOfPage\":{\"@id\":\"https:\\\/\\\/dai-heidelberg.de\\\/de\\\/sprachschule\\\/angebote-fuer-schulen\\\/#primaryimage\"},\"image\":{\"@id\":\"https:\\\/\\\/dai-heidelberg.de\\\/de\\\/sprachschule\\\/angebote-fuer-schulen\\\/#primaryimage\"},\"thumbnailUrl\":\"https:\\\/\\\/dai-heidelberg.de\\\/de\\\/wp-content\\\/uploads\\\/sites\\\/2\\\/2024\\\/04\\\/Portrait-Bilder-fuer-Website_AngeboteSchulen-min.jpg\",\"datePublished\":\"2023-11-17T15:33:15+00:00\",\"dateModified\":\"2024-07-24T15:59:47+00:00\",\"breadcrumb\":{\"@id\":\"https:\\\/\\\/dai-heidelberg.de\\\/de\\\/sprachschule\\\/angebote-fuer-schulen\\\/#breadcrumb\"},\"inLanguage\":\"de\",\"potentialAction\":[{\"@type\":\"ReadAction\",\"target\":[\"https:\\\/\\\/dai-heidelberg.de\\\/de\\\/sprachschule\\\/angebote-fuer-schulen\\\/\"]}]},{\"@type\":\"ImageObject\",\"inLanguage\":\"de\",\"@id\":\"https:\\\/\\\/dai-heidelberg.de\\\/de\\\/sprachschule\\\/angebote-fuer-schulen\\\/#primaryimage\",\"url\":\"https:\\\/\\\/dai-heidelberg.de\\\/de\\\/wp-content\\\/uploads\\\/sites\\\/2\\\/2024\\\/04\\\/Portrait-Bilder-fuer-Website_AngeboteSchulen-min.jpg\",\"contentUrl\":\"https:\\\/\\\/dai-heidelberg.de\\\/de\\\/wp-content\\\/uploads\\\/sites\\\/2\\\/2024\\\/04\\\/Portrait-Bilder-fuer-Website_AngeboteSchulen-min.jpg\",\"width\":1417,\"height\":830},{\"@type\":\"BreadcrumbList\",\"@id\":\"https:\\\/\\\/dai-heidelberg.de\\\/de\\\/sprachschule\\\/angebote-fuer-schulen\\\/#breadcrumb\",\"itemListElement\":[{\"@type\":\"ListItem\",\"position\":1,\"name\":\"Startseite\",\"item\":\"https:\\\/\\\/dai-heidelberg.de\\\/de\\\/\"},{\"@type\":\"ListItem\",\"position\":2,\"name\":\"DAI Sprachschule\",\"item\":\"https:\\\/\\\/dai-heidelberg.de\\\/de\\\/sprachschule\\\/\"},{\"@type\":\"ListItem\",\"position\":3,\"name\":\"Angebote f\u00fcr Schulen\"}]},{\"@type\":\"WebSite\",\"@id\":\"https:\\\/\\\/dai-heidelberg.de\\\/de\\\/#website\",\"url\":\"https:\\\/\\\/dai-heidelberg.de\\\/de\\\/\",\"name\":\"DAI Deutsch\",\"description\":\"Deutsch-Amerikanisches Institut. Haus der Kultur.\",\"potentialAction\":[{\"@type\":\"SearchAction\",\"target\":{\"@type\":\"EntryPoint\",\"urlTemplate\":\"https:\\\/\\\/dai-heidelberg.de\\\/de\\\/?s={search_term_string}\"},\"query-input\":{\"@type\":\"PropertyValueSpecification\",\"valueRequired\":true,\"valueName\":\"search_term_string\"}}],\"inLanguage\":\"de\"}]}<\/script>\n<!-- \/ Yoast SEO plugin. -->","yoast_head_json":{"title":"Angebote f\u00fcr Schulen - Deutsch-Amerikanisches Institut. Haus der Kultur.","robots":{"index":"index","follow":"follow","max-snippet":"max-snippet:-1","max-image-preview":"max-image-preview:large","max-video-preview":"max-video-preview:-1"},"canonical":"https:\/\/dai-heidelberg.de\/de\/sprachschule\/angebote-fuer-schulen\/","og_locale":"de_DE","og_type":"article","og_title":"Angebote f\u00fcr Schulen - Deutsch-Amerikanisches Institut. Haus der Kultur.","og_description":"Sie m\u00f6chten an Ihrer Schule eine Englisch-AG oder einen Konversationskurs einf\u00fchren? Wir helfen Ihnen dabei! Englisch-AG (Grundschule) Englisch-Konversationskurs (weiterf\u00fchrende Schule)&nbsp;&hellip;","og_url":"https:\/\/dai-heidelberg.de\/de\/sprachschule\/angebote-fuer-schulen\/","og_site_name":"DAI Deutsch","article_modified_time":"2024-07-24T15:59:47+00:00","og_image":[{"url":"https:\/\/dai-heidelberg.de\/de\/wp-content\/uploads\/sites\/2\/2024\/04\/Portrait-Bilder-fuer-Website_AngeboteSchulen-min.jpg","type":"","width":"","height":""}],"twitter_misc":{"Gesch\u00e4tzte Lesezeit":"3\u00a0Minuten"},"schema":{"@context":"https:\/\/schema.org","@graph":[{"@type":"WebPage","@id":"https:\/\/dai-heidelberg.de\/de\/sprachschule\/angebote-fuer-schulen\/","url":"https:\/\/dai-heidelberg.de\/de\/sprachschule\/angebote-fuer-schulen\/","name":"Angebote f\u00fcr Schulen - Deutsch-Amerikanisches Institut. Haus der Kultur.","isPartOf":{"@id":"https:\/\/dai-heidelberg.de\/de\/#website"},"primaryImageOfPage":{"@id":"https:\/\/dai-heidelberg.de\/de\/sprachschule\/angebote-fuer-schulen\/#primaryimage"},"image":{"@id":"https:\/\/dai-heidelberg.de\/de\/sprachschule\/angebote-fuer-schulen\/#primaryimage"},"thumbnailUrl":"https:\/\/dai-heidelberg.de\/de\/wp-content\/uploads\/sites\/2\/2024\/04\/Portrait-Bilder-fuer-Website_AngeboteSchulen-min.jpg","datePublished":"2023-11-17T15:33:15+00:00","dateModified":"2024-07-24T15:59:47+00:00","breadcrumb":{"@id":"https:\/\/dai-heidelberg.de\/de\/sprachschule\/angebote-fuer-schulen\/#breadcrumb"},"inLanguage":"de","potentialAction":[{"@type":"ReadAction","target":["https:\/\/dai-heidelberg.de\/de\/sprachschule\/angebote-fuer-schulen\/"]}]},{"@type":"ImageObject","inLanguage":"de","@id":"https:\/\/dai-heidelberg.de\/de\/sprachschule\/angebote-fuer-schulen\/#primaryimage","url":"https:\/\/dai-heidelberg.de\/de\/wp-content\/uploads\/sites\/2\/2024\/04\/Portrait-Bilder-fuer-Website_AngeboteSchulen-min.jpg","contentUrl":"https:\/\/dai-heidelberg.de\/de\/wp-content\/uploads\/sites\/2\/2024\/04\/Portrait-Bilder-fuer-Website_AngeboteSchulen-min.jpg","width":1417,"height":830},{"@type":"BreadcrumbList","@id":"https:\/\/dai-heidelberg.de\/de\/sprachschule\/angebote-fuer-schulen\/#breadcrumb","itemListElement":[{"@type":"ListItem","position":1,"name":"Startseite","item":"https:\/\/dai-heidelberg.de\/de\/"},{"@type":"ListItem","position":2,"name":"DAI Sprachschule","item":"https:\/\/dai-heidelberg.de\/de\/sprachschule\/"},{"@type":"ListItem","position":3,"name":"Angebote f\u00fcr Schulen"}]},{"@type":"WebSite","@id":"https:\/\/dai-heidelberg.de\/de\/#website","url":"https:\/\/dai-heidelberg.de\/de\/","name":"DAI Deutsch","description":"Deutsch-Amerikanisches Institut. Haus der Kultur.","potentialAction":[{"@type":"SearchAction","target":{"@type":"EntryPoint","urlTemplate":"https:\/\/dai-heidelberg.de\/de\/?s={search_term_string}"},"query-input":{"@type":"PropertyValueSpecification","valueRequired":true,"valueName":"search_term_string"}}],"inLanguage":"de"}]}},"_links":{"self":[{"href":"https:\/\/dai-heidelberg.de\/de\/wp-json\/wp\/v2\/pages\/59959","targetHints":{"allow":["GET"]}}],"collection":[{"href":"https:\/\/dai-heidelberg.de\/de\/wp-json\/wp\/v2\/pages"}],"about":[{"href":"https:\/\/dai-heidelberg.de\/de\/wp-json\/wp\/v2\/types\/page"}],"author":[{"embeddable":true,"href":"https:\/\/dai-heidelberg.de\/de\/wp-json\/wp\/v2\/users\/10"}],"replies":[{"embeddable":true,"href":"https:\/\/dai-heidelberg.de\/de\/wp-json\/wp\/v2\/comments?post=59959"}],"version-history":[{"count":10,"href":"https:\/\/dai-heidelberg.de\/de\/wp-json\/wp\/v2\/pages\/59959\/revisions"}],"predecessor-version":[{"id":64691,"href":"https:\/\/dai-heidelberg.de\/de\/wp-json\/wp\/v2\/pages\/59959\/revisions\/64691"}],"up":[{"embeddable":true,"href":"https:\/\/dai-heidelberg.de\/de\/wp-json\/wp\/v2\/pages\/14"}],"wp:attachment":[{"href":"https:\/\/dai-heidelberg.de\/de\/wp-json\/wp\/v2\/media?parent=59959"}],"curies":[{"name":"wp","href":"https:\/\/api.w.org\/{rel}","templated":true}]}}