{"id":31340,"date":"2019-11-21T12:37:55","date_gmt":"2019-11-21T11:37:55","guid":{"rendered":"https:\/\/dai-heidelberg.de\/de\/?page_id=31340"},"modified":"2024-03-13T13:01:54","modified_gmt":"2024-03-13T12:01:54","slug":"ueber-uns","status":"publish","type":"page","link":"https:\/\/dai-heidelberg.de\/de\/ueber-uns\/","title":{"rendered":"\u00dcber uns"},"content":{"rendered":"<h2>DAI Heidelberg. Haus der Kultur.<\/h2>\n<p>Das <strong>Deutsch-Amerikanische Institut Heidelberg<\/strong> (DAI) ist eine kulturelle Einrichtung, die sich der F\u00f6rderung der Demokratie und der V\u00f6lkerverst\u00e4ndigung widmet. Ein Schwerpunkt dabei ist der transatlantische Dialog zwischen Deutschland und Amerika. Erkl\u00e4rtes Ziel hierbei ist es, den Austausch und die Begegnung mit Menschen und Institutionen in Amerika anzuregen und zu unterst\u00fctzen und die wissenschaftliche Auseinandersetzung mit Amerika zu f\u00f6rdern.<\/p>\n<p>Als \u201eOrt des freien Geistes\u201c bilden dar\u00fcber hinaus die zentralen Themen Wissenschaft, Literatur und Politik die S\u00e4ulen des Hauses. Etwa eine halbe Million Besucher besuchen j\u00e4hrlich die Programme des DAI, der Freundeskreis des DAI Heidelberg e. V. z\u00e4hlt rund 5.000 Mitglieder. Vortr\u00e4ge und Lesungen, Ausstellungen, Konzerte und Theaterauff\u00fchrungen, Seminare und Konferenzen machen das <a href=\"https:\/\/dai-heidelberg.de\/de\/veranstaltungen\/\">Kulturprogramm<\/a> des DAI aus.<\/p>\n<p>Die <a href=\"https:\/\/dai-heidelberg.de\/de\/bibliothek\/\">DAI Bibliothek<\/a> ist die einzige \u00f6ffentliche englischsprachige Bibliothek in der gesamten Rhein-Neckar-Region und bietet einen umfangreichen Bestand an B\u00fcchern, DVDs und H\u00f6rb\u00fcchern aller Genres sowie nationale und internationalen Zeitungen und Zeitschriften. Des Weiteren bietet die Bibliothek besondere Angebote f\u00fcr LehrerInnen sowie eine Vielzahl sozialer Aktivit\u00e4ten wie Storytime-Programme und Kunstkurse f\u00fcr Kinder, einen Little Poets Club, mehrere Discussion Groups oder auch einen Book Club.<\/p>\n<p>Die <a href=\"https:\/\/dai-heidelberg.de\/de\/sprachschule\/\">DAI Sprachschule<\/a> bietet eine gro\u00dfe Bandbreite an englischen und deutschen Sprachkursen f\u00fcr Kinder, Sch\u00fclerInnen und Erwachsene an.<\/p>\n<p>Seit September 2007 betreibt das DAI dar\u00fcber hinaus mehrere <a href=\"https:\/\/dai-heidelberg.de\/de\/kindergaerten-schule\/die-internationalen-kindergaerten-des-dai\/\">Internationale DAI Kinderg\u00e4rten<\/a>, die sich gro\u00dfer Beliebtheit erfreuen und an mehreren Standorten Platz f\u00fcr rund 200 Kinder aus \u00fcber 20 Nationen bieten. Tr\u00e4ger der Kinderg\u00e4rten ist die Heidelberg New School of Life gGmbH, deren Gesellschafter der Freundeskreis des DAI Heidelberg e. V. ist.<\/p>\n<p>Tr\u00e4gerverein des DAI Heidelberg ist die Schurman-Gesellschaft e. V. Sie ist benannt nach dem ehemaligen U.S. Botschafter und F\u00f6rderer der Universit\u00e4t Heidelberg, Jacob Gould Schurman (1854\u20131942).<\/p>\n<p>&nbsp;<\/p>\n","protected":false},"excerpt":{"rendered":"<p>DAI Heidelberg. Haus der Kultur. Das Deutsch-Amerikanische Institut Heidelberg (DAI) ist eine kulturelle Einrichtung, die sich der F\u00f6rderung der Demokratie&nbsp;&hellip;<\/p>\n","protected":false},"author":2,"featured_media":31341,"parent":0,"menu_order":0,"comment_status":"closed","ping_status":"closed","template":"","meta":{"footnotes":""},"class_list":["post-31340","page","type-page","status-publish","has-post-thumbnail","hentry"],"better_featured_image":{"id":31341,"alt_text":"","caption":"","description":"","media_type":"image","media_details":{"width":700,"height":450,"file":"2019\/11\/DAI-Heidelberg.-Haus-der-Kultur.jpg","sizes":{"medium":{"file":"DAI-Heidelberg.-Haus-der-Kultur-300x193.jpg","width":300,"height":193,"mime-type":"image\/jpeg","source_url":"https:\/\/dai-heidelberg.de\/de\/wp-content\/uploads\/sites\/2\/2019\/11\/DAI-Heidelberg.-Haus-der-Kultur-300x193.jpg"},"thumbnail":{"file":"DAI-Heidelberg.-Haus-der-Kultur-150x150.jpg","width":150,"height":150,"mime-type":"image\/jpeg","source_url":"https:\/\/dai-heidelberg.de\/de\/wp-content\/uploads\/sites\/2\/2019\/11\/DAI-Heidelberg.-Haus-der-Kultur-150x150.jpg"},"dai-list":{"file":"DAI-Heidelberg.-Haus-der-Kultur-140x140.jpg","width":140,"height":140,"mime-type":"image\/jpeg","source_url":"https:\/\/dai-heidelberg.de\/de\/wp-content\/uploads\/sites\/2\/2019\/11\/DAI-Heidelberg.-Haus-der-Kultur-140x140.jpg"},"dai-selector":{"file":"DAI-Heidelberg.-Haus-der-Kultur-240x170.jpg","width":240,"height":170,"mime-type":"image\/jpeg","source_url":"https:\/\/dai-heidelberg.de\/de\/wp-content\/uploads\/sites\/2\/2019\/11\/DAI-Heidelberg.-Haus-der-Kultur-240x170.jpg"},"dai-hof":{"file":"DAI-Heidelberg.-Haus-der-Kultur-240x192.jpg","width":240,"height":192,"mime-type":"image\/jpeg","source_url":"https:\/\/dai-heidelberg.de\/de\/wp-content\/uploads\/sites\/2\/2019\/11\/DAI-Heidelberg.-Haus-der-Kultur-240x192.jpg"}},"image_meta":{"aperture":"0","credit":"","camera":"","caption":"","created_timestamp":"0","copyright":"","focal_length":"0","iso":"0","shutter_speed":"0","title":"","orientation":"0","keywords":[]}},"post":31340,"source_url":"https:\/\/dai-heidelberg.de\/de\/wp-content\/uploads\/sites\/2\/2019\/11\/DAI-Heidelberg.-Haus-der-Kultur.jpg"},"yoast_head":"<!-- This site is optimized with the Yoast SEO plugin v27.4 - https:\/\/yoast.com\/product\/yoast-seo-wordpress\/ -->\n<title>\u00dcber uns \u2013 Deutsch-Amerikanisches Institut. Haus der Kultur.<\/title>\n<meta name=\"description\" content=\"Das DAI Heidelberg bietet zur F\u00f6rderung der Demokratie und V\u00f6lkerverst\u00e4ndigung Kulturveranstaltungen, Sprachschule und Bibliothek.\" \/>\n<meta name=\"robots\" content=\"index, follow, max-snippet:-1, max-image-preview:large, max-video-preview:-1\" \/>\n<link rel=\"canonical\" href=\"https:\/\/dai-heidelberg.de\/de\/ueber-uns\/\" \/>\n<meta property=\"og:locale\" content=\"de_DE\" \/>\n<meta property=\"og:type\" content=\"article\" \/>\n<meta property=\"og:title\" content=\"\u00dcber uns \u2013 Deutsch-Amerikanisches Institut. Haus der Kultur.\" \/>\n<meta property=\"og:description\" content=\"Das DAI Heidelberg bietet zur F\u00f6rderung der Demokratie und V\u00f6lkerverst\u00e4ndigung Kulturveranstaltungen, Sprachschule und Bibliothek.\" \/>\n<meta property=\"og:url\" content=\"https:\/\/dai-heidelberg.de\/de\/ueber-uns\/\" \/>\n<meta property=\"og:site_name\" content=\"DAI Deutsch\" \/>\n<meta property=\"article:modified_time\" content=\"2024-03-13T12:01:54+00:00\" \/>\n<meta property=\"og:image\" content=\"https:\/\/dai-heidelberg.de\/de\/wp-content\/uploads\/sites\/2\/2019\/11\/DAI-Heidelberg.-Haus-der-Kultur.jpg\" \/>\n\t<meta property=\"og:image:width\" content=\"700\" \/>\n\t<meta property=\"og:image:height\" content=\"450\" \/>\n\t<meta property=\"og:image:type\" content=\"image\/jpeg\" \/>\n<meta name=\"twitter:label1\" content=\"Gesch\u00e4tzte Lesezeit\" \/>\n\t<meta name=\"twitter:data1\" content=\"2\u00a0Minuten\" \/>\n<script type=\"application\/ld+json\" class=\"yoast-schema-graph\">{\"@context\":\"https:\\\/\\\/schema.org\",\"@graph\":[{\"@type\":\"WebPage\",\"@id\":\"https:\\\/\\\/dai-heidelberg.de\\\/de\\\/ueber-uns\\\/\",\"url\":\"https:\\\/\\\/dai-heidelberg.de\\\/de\\\/ueber-uns\\\/\",\"name\":\"\u00dcber uns \u2013 Deutsch-Amerikanisches Institut. Haus der Kultur.\",\"isPartOf\":{\"@id\":\"https:\\\/\\\/dai-heidelberg.de\\\/de\\\/#website\"},\"primaryImageOfPage\":{\"@id\":\"https:\\\/\\\/dai-heidelberg.de\\\/de\\\/ueber-uns\\\/#primaryimage\"},\"image\":{\"@id\":\"https:\\\/\\\/dai-heidelberg.de\\\/de\\\/ueber-uns\\\/#primaryimage\"},\"thumbnailUrl\":\"https:\\\/\\\/dai-heidelberg.de\\\/de\\\/wp-content\\\/uploads\\\/sites\\\/2\\\/2019\\\/11\\\/DAI-Heidelberg.-Haus-der-Kultur.jpg\",\"datePublished\":\"2019-11-21T11:37:55+00:00\",\"dateModified\":\"2024-03-13T12:01:54+00:00\",\"description\":\"Das DAI Heidelberg bietet zur F\u00f6rderung der Demokratie und V\u00f6lkerverst\u00e4ndigung Kulturveranstaltungen, Sprachschule und Bibliothek.\",\"breadcrumb\":{\"@id\":\"https:\\\/\\\/dai-heidelberg.de\\\/de\\\/ueber-uns\\\/#breadcrumb\"},\"inLanguage\":\"de\",\"potentialAction\":[{\"@type\":\"ReadAction\",\"target\":[\"https:\\\/\\\/dai-heidelberg.de\\\/de\\\/ueber-uns\\\/\"]}]},{\"@type\":\"ImageObject\",\"inLanguage\":\"de\",\"@id\":\"https:\\\/\\\/dai-heidelberg.de\\\/de\\\/ueber-uns\\\/#primaryimage\",\"url\":\"https:\\\/\\\/dai-heidelberg.de\\\/de\\\/wp-content\\\/uploads\\\/sites\\\/2\\\/2019\\\/11\\\/DAI-Heidelberg.-Haus-der-Kultur.jpg\",\"contentUrl\":\"https:\\\/\\\/dai-heidelberg.de\\\/de\\\/wp-content\\\/uploads\\\/sites\\\/2\\\/2019\\\/11\\\/DAI-Heidelberg.-Haus-der-Kultur.jpg\",\"width\":700,\"height\":450},{\"@type\":\"BreadcrumbList\",\"@id\":\"https:\\\/\\\/dai-heidelberg.de\\\/de\\\/ueber-uns\\\/#breadcrumb\",\"itemListElement\":[{\"@type\":\"ListItem\",\"position\":1,\"name\":\"Startseite\",\"item\":\"https:\\\/\\\/dai-heidelberg.de\\\/de\\\/\"},{\"@type\":\"ListItem\",\"position\":2,\"name\":\"\u00dcber uns\"}]},{\"@type\":\"WebSite\",\"@id\":\"https:\\\/\\\/dai-heidelberg.de\\\/de\\\/#website\",\"url\":\"https:\\\/\\\/dai-heidelberg.de\\\/de\\\/\",\"name\":\"DAI Deutsch\",\"description\":\"Deutsch-Amerikanisches Institut. Haus der Kultur.\",\"potentialAction\":[{\"@type\":\"SearchAction\",\"target\":{\"@type\":\"EntryPoint\",\"urlTemplate\":\"https:\\\/\\\/dai-heidelberg.de\\\/de\\\/?s={search_term_string}\"},\"query-input\":{\"@type\":\"PropertyValueSpecification\",\"valueRequired\":true,\"valueName\":\"search_term_string\"}}],\"inLanguage\":\"de\"}]}<\/script>\n<!-- \/ Yoast SEO plugin. -->","yoast_head_json":{"title":"\u00dcber uns \u2013 Deutsch-Amerikanisches Institut. Haus der Kultur.","description":"Das DAI Heidelberg bietet zur F\u00f6rderung der Demokratie und V\u00f6lkerverst\u00e4ndigung Kulturveranstaltungen, Sprachschule und Bibliothek.","robots":{"index":"index","follow":"follow","max-snippet":"max-snippet:-1","max-image-preview":"max-image-preview:large","max-video-preview":"max-video-preview:-1"},"canonical":"https:\/\/dai-heidelberg.de\/de\/ueber-uns\/","og_locale":"de_DE","og_type":"article","og_title":"\u00dcber uns \u2013 Deutsch-Amerikanisches Institut. Haus der Kultur.","og_description":"Das DAI Heidelberg bietet zur F\u00f6rderung der Demokratie und V\u00f6lkerverst\u00e4ndigung Kulturveranstaltungen, Sprachschule und Bibliothek.","og_url":"https:\/\/dai-heidelberg.de\/de\/ueber-uns\/","og_site_name":"DAI Deutsch","article_modified_time":"2024-03-13T12:01:54+00:00","og_image":[{"width":700,"height":450,"url":"https:\/\/dai-heidelberg.de\/de\/wp-content\/uploads\/sites\/2\/2019\/11\/DAI-Heidelberg.-Haus-der-Kultur.jpg","type":"image\/jpeg"}],"twitter_misc":{"Gesch\u00e4tzte Lesezeit":"2\u00a0Minuten"},"schema":{"@context":"https:\/\/schema.org","@graph":[{"@type":"WebPage","@id":"https:\/\/dai-heidelberg.de\/de\/ueber-uns\/","url":"https:\/\/dai-heidelberg.de\/de\/ueber-uns\/","name":"\u00dcber uns \u2013 Deutsch-Amerikanisches Institut. Haus der Kultur.","isPartOf":{"@id":"https:\/\/dai-heidelberg.de\/de\/#website"},"primaryImageOfPage":{"@id":"https:\/\/dai-heidelberg.de\/de\/ueber-uns\/#primaryimage"},"image":{"@id":"https:\/\/dai-heidelberg.de\/de\/ueber-uns\/#primaryimage"},"thumbnailUrl":"https:\/\/dai-heidelberg.de\/de\/wp-content\/uploads\/sites\/2\/2019\/11\/DAI-Heidelberg.-Haus-der-Kultur.jpg","datePublished":"2019-11-21T11:37:55+00:00","dateModified":"2024-03-13T12:01:54+00:00","description":"Das DAI Heidelberg bietet zur F\u00f6rderung der Demokratie und V\u00f6lkerverst\u00e4ndigung Kulturveranstaltungen, Sprachschule und Bibliothek.","breadcrumb":{"@id":"https:\/\/dai-heidelberg.de\/de\/ueber-uns\/#breadcrumb"},"inLanguage":"de","potentialAction":[{"@type":"ReadAction","target":["https:\/\/dai-heidelberg.de\/de\/ueber-uns\/"]}]},{"@type":"ImageObject","inLanguage":"de","@id":"https:\/\/dai-heidelberg.de\/de\/ueber-uns\/#primaryimage","url":"https:\/\/dai-heidelberg.de\/de\/wp-content\/uploads\/sites\/2\/2019\/11\/DAI-Heidelberg.-Haus-der-Kultur.jpg","contentUrl":"https:\/\/dai-heidelberg.de\/de\/wp-content\/uploads\/sites\/2\/2019\/11\/DAI-Heidelberg.-Haus-der-Kultur.jpg","width":700,"height":450},{"@type":"BreadcrumbList","@id":"https:\/\/dai-heidelberg.de\/de\/ueber-uns\/#breadcrumb","itemListElement":[{"@type":"ListItem","position":1,"name":"Startseite","item":"https:\/\/dai-heidelberg.de\/de\/"},{"@type":"ListItem","position":2,"name":"\u00dcber uns"}]},{"@type":"WebSite","@id":"https:\/\/dai-heidelberg.de\/de\/#website","url":"https:\/\/dai-heidelberg.de\/de\/","name":"DAI Deutsch","description":"Deutsch-Amerikanisches Institut. Haus der Kultur.","potentialAction":[{"@type":"SearchAction","target":{"@type":"EntryPoint","urlTemplate":"https:\/\/dai-heidelberg.de\/de\/?s={search_term_string}"},"query-input":{"@type":"PropertyValueSpecification","valueRequired":true,"valueName":"search_term_string"}}],"inLanguage":"de"}]}},"_links":{"self":[{"href":"https:\/\/dai-heidelberg.de\/de\/wp-json\/wp\/v2\/pages\/31340","targetHints":{"allow":["GET"]}}],"collection":[{"href":"https:\/\/dai-heidelberg.de\/de\/wp-json\/wp\/v2\/pages"}],"about":[{"href":"https:\/\/dai-heidelberg.de\/de\/wp-json\/wp\/v2\/types\/page"}],"author":[{"embeddable":true,"href":"https:\/\/dai-heidelberg.de\/de\/wp-json\/wp\/v2\/users\/2"}],"replies":[{"embeddable":true,"href":"https:\/\/dai-heidelberg.de\/de\/wp-json\/wp\/v2\/comments?post=31340"}],"version-history":[{"count":16,"href":"https:\/\/dai-heidelberg.de\/de\/wp-json\/wp\/v2\/pages\/31340\/revisions"}],"predecessor-version":[{"id":62529,"href":"https:\/\/dai-heidelberg.de\/de\/wp-json\/wp\/v2\/pages\/31340\/revisions\/62529"}],"wp:featuredmedia":[{"embeddable":true,"href":"https:\/\/dai-heidelberg.de\/de\/wp-json\/wp\/v2\/media\/31341"}],"wp:attachment":[{"href":"https:\/\/dai-heidelberg.de\/de\/wp-json\/wp\/v2\/media?parent=31340"}],"curies":[{"name":"wp","href":"https:\/\/api.w.org\/{rel}","templated":true}]}}