{"id":30529,"date":"2019-09-13T17:15:08","date_gmt":"2019-09-13T15:15:08","guid":{"rendered":"https:\/\/dai-heidelberg.de\/de\/?page_id=30529"},"modified":"2023-10-24T13:12:55","modified_gmt":"2023-10-24T11:12:55","slug":"gewinnspiel-teilnahmebedingungen-festival-of-learning","status":"publish","type":"page","link":"https:\/\/dai-heidelberg.de\/de\/datenschutz\/gewinnspiel-teilnahmebedingungen-festival-of-learning\/","title":{"rendered":"Gewinnspiel &#8211; Teilnahmebedingungen Festival of Learning"},"content":{"rendered":"<p><strong><u>Verlosung von 3mal 2 Festival of Learning &#8211; Tickets f\u00fcr Donnerstag, 19.09.2019\/20:00 Uhr und Freitag, 20.09.2019\/ 10:00 Uhr<\/u><\/strong><\/p>\n<p>&nbsp;<\/p>\n<p>Alles was Sie tun m\u00fcssen, um an der Verlosung teilzunehmen ist:<\/p>\n<p>den Facebook-Post zu liken <strong>oder<\/strong> zu kommentieren!<\/p>\n<p>1 Like = 1 Eintrag und 1 Kommentar = 1 Eintrag.<\/p>\n<p>Teilnahmebedingungen<\/p>\n<ul>\n<li>Der Preis beinhaltet 2 Tickets pro Person f\u00fcr Donnerstag, den 19.09.2019, 20:00 Uhr zur Keynote von Sarah Cruddas und 2 Ganztagestickets pro Person f\u00fcr die Ignite Sessions am Freitag, den 20.09.2019, ab 10:00 Uhr.<\/li>\n<li>Das Gewinnspiel beginnt am Freitag, den 13. September 2019 mit der Ver\u00f6ffentlichung des Posts und endet am 17. September 2019 um 15:00 Uhr MESZ.<\/li>\n<li>Die Gewinner werden nach dem Zufallsprinzip aus allen Teilnehmern ausgew\u00e4hlt, die die Bedingungen des Wettbewerbs erf\u00fcllt haben.<\/li>\n<li>Jeder Teilnehmer kann nur zweimal am Gewinnspiel teilnehmen. Einmal f\u00fcr ein Like und einmal f\u00fcr einen Kommentar.<\/li>\n<li>Die Teilnehmer m\u00fcssen mindestens 13 Jahre alt sein.<\/li>\n<li>Die Gewinner der Tickets m\u00fcssen eine halbe Stunde vor Veranstaltungsbeginn anwesend sein und sich namentlich am Empfang\/Kasse in der Sofienstra\u00dfe 12, 69115 Heidelberg melden<\/li>\n<li>Der Gewinner erkl\u00e4rt sich damit einverstanden, dass sein Name im Fall des Gewinns in einem Gewinnerpost auf dem Facebookprofil des Gewinnspielanbieters ver\u00f6ffentlicht wird. Der Rechtsweg ist ausgeschlossen.<\/li>\n<li>Mitarbeiter der DAI-Abteilungen sind vom Gewinnspiel ausgeschlossen.<\/li>\n<li>Das Gewinnspiel findet auf Facebook statt. Es gibt keine Verbindung zu Facebook und wird in keiner Weise von den Plattformen gesponsert, unterst\u00fctzt oder organisiert.<\/li>\n<li>Informationen \u00fcber die Teilnehmer werden vom Deutsch-Amerikanischen Institut gesammelt, nicht von Facebook. Die erhobenen Daten werden nur f\u00fcr den Zweck des Gewinnspiels verwendet.<\/li>\n<li>Die Gewinner werden \u00fcber ihre Profile auf der Plattform benachrichtigt.<\/li>\n<li>Der Wettbewerb findet auf den Facebook-Seiten des DAI statt. F\u00fcr den Wettbewerb sind die Abteilungen Presse und \u00d6ffentlichkeitsarbeit des DAI zust\u00e4ndig.<\/li>\n<\/ul>\n<p>&nbsp;<\/p>\n<p>Deutsch-Amerikanisches Institut Heidelberg<\/p>\n<p>Sofienstra\u00dfe 12<\/p>\n<p>69115 Heidelberg<\/p>\n","protected":false},"excerpt":{"rendered":"<p>Verlosung von 3mal 2 Festival of Learning &#8211; Tickets f\u00fcr Donnerstag, 19.09.2019\/20:00 Uhr und Freitag, 20.09.2019\/ 10:00 Uhr &nbsp; Alles&nbsp;&hellip;<\/p>\n","protected":false},"author":23,"featured_media":0,"parent":20335,"menu_order":0,"comment_status":"closed","ping_status":"closed","template":"","meta":{"footnotes":""},"class_list":["post-30529","page","type-page","status-publish","hentry"],"better_featured_image":null,"yoast_head":"<!-- This site is optimized with the Yoast SEO plugin v27.4 - https:\/\/yoast.com\/product\/yoast-seo-wordpress\/ -->\n<title>Gewinnspiel - Teilnahmebedingungen Festival of Learning - Deutsch-Amerikanisches Institut. Haus der Kultur.<\/title>\n<meta name=\"robots\" content=\"index, follow, max-snippet:-1, max-image-preview:large, max-video-preview:-1\" \/>\n<link rel=\"canonical\" href=\"https:\/\/dai-heidelberg.de\/de\/datenschutz\/gewinnspiel-teilnahmebedingungen-festival-of-learning\/\" \/>\n<meta property=\"og:locale\" content=\"de_DE\" \/>\n<meta property=\"og:type\" content=\"article\" \/>\n<meta property=\"og:title\" content=\"Gewinnspiel - Teilnahmebedingungen Festival of Learning - Deutsch-Amerikanisches Institut. Haus der Kultur.\" \/>\n<meta property=\"og:description\" content=\"Verlosung von 3mal 2 Festival of Learning &#8211; Tickets f\u00fcr Donnerstag, 19.09.2019\/20:00 Uhr und Freitag, 20.09.2019\/ 10:00 Uhr &nbsp; Alles&nbsp;&hellip;\" \/>\n<meta property=\"og:url\" content=\"https:\/\/dai-heidelberg.de\/de\/datenschutz\/gewinnspiel-teilnahmebedingungen-festival-of-learning\/\" \/>\n<meta property=\"og:site_name\" content=\"DAI Deutsch\" \/>\n<meta property=\"article:modified_time\" content=\"2023-10-24T11:12:55+00:00\" \/>\n<meta name=\"twitter:label1\" content=\"Gesch\u00e4tzte Lesezeit\" \/>\n\t<meta name=\"twitter:data1\" content=\"1\u00a0Minute\" \/>\n<script type=\"application\/ld+json\" class=\"yoast-schema-graph\">{\"@context\":\"https:\\\/\\\/schema.org\",\"@graph\":[{\"@type\":\"WebPage\",\"@id\":\"https:\\\/\\\/dai-heidelberg.de\\\/de\\\/datenschutz\\\/gewinnspiel-teilnahmebedingungen-festival-of-learning\\\/\",\"url\":\"https:\\\/\\\/dai-heidelberg.de\\\/de\\\/datenschutz\\\/gewinnspiel-teilnahmebedingungen-festival-of-learning\\\/\",\"name\":\"Gewinnspiel - Teilnahmebedingungen Festival of Learning - Deutsch-Amerikanisches Institut. Haus der Kultur.\",\"isPartOf\":{\"@id\":\"https:\\\/\\\/dai-heidelberg.de\\\/de\\\/#website\"},\"datePublished\":\"2019-09-13T15:15:08+00:00\",\"dateModified\":\"2023-10-24T11:12:55+00:00\",\"breadcrumb\":{\"@id\":\"https:\\\/\\\/dai-heidelberg.de\\\/de\\\/datenschutz\\\/gewinnspiel-teilnahmebedingungen-festival-of-learning\\\/#breadcrumb\"},\"inLanguage\":\"de\",\"potentialAction\":[{\"@type\":\"ReadAction\",\"target\":[\"https:\\\/\\\/dai-heidelberg.de\\\/de\\\/datenschutz\\\/gewinnspiel-teilnahmebedingungen-festival-of-learning\\\/\"]}]},{\"@type\":\"BreadcrumbList\",\"@id\":\"https:\\\/\\\/dai-heidelberg.de\\\/de\\\/datenschutz\\\/gewinnspiel-teilnahmebedingungen-festival-of-learning\\\/#breadcrumb\",\"itemListElement\":[{\"@type\":\"ListItem\",\"position\":1,\"name\":\"Startseite\",\"item\":\"https:\\\/\\\/dai-heidelberg.de\\\/de\\\/\"},{\"@type\":\"ListItem\",\"position\":2,\"name\":\"Datenschutzerkl\u00e4rung\",\"item\":\"https:\\\/\\\/dai-heidelberg.de\\\/de\\\/datenschutz\\\/\"},{\"@type\":\"ListItem\",\"position\":3,\"name\":\"Gewinnspiel &#8211; Teilnahmebedingungen Festival of Learning\"}]},{\"@type\":\"WebSite\",\"@id\":\"https:\\\/\\\/dai-heidelberg.de\\\/de\\\/#website\",\"url\":\"https:\\\/\\\/dai-heidelberg.de\\\/de\\\/\",\"name\":\"DAI Deutsch\",\"description\":\"Deutsch-Amerikanisches Institut. Haus der Kultur.\",\"potentialAction\":[{\"@type\":\"SearchAction\",\"target\":{\"@type\":\"EntryPoint\",\"urlTemplate\":\"https:\\\/\\\/dai-heidelberg.de\\\/de\\\/?s={search_term_string}\"},\"query-input\":{\"@type\":\"PropertyValueSpecification\",\"valueRequired\":true,\"valueName\":\"search_term_string\"}}],\"inLanguage\":\"de\"}]}<\/script>\n<!-- \/ Yoast SEO plugin. -->","yoast_head_json":{"title":"Gewinnspiel - Teilnahmebedingungen Festival of Learning - Deutsch-Amerikanisches Institut. Haus der Kultur.","robots":{"index":"index","follow":"follow","max-snippet":"max-snippet:-1","max-image-preview":"max-image-preview:large","max-video-preview":"max-video-preview:-1"},"canonical":"https:\/\/dai-heidelberg.de\/de\/datenschutz\/gewinnspiel-teilnahmebedingungen-festival-of-learning\/","og_locale":"de_DE","og_type":"article","og_title":"Gewinnspiel - Teilnahmebedingungen Festival of Learning - Deutsch-Amerikanisches Institut. Haus der Kultur.","og_description":"Verlosung von 3mal 2 Festival of Learning &#8211; Tickets f\u00fcr Donnerstag, 19.09.2019\/20:00 Uhr und Freitag, 20.09.2019\/ 10:00 Uhr &nbsp; Alles&nbsp;&hellip;","og_url":"https:\/\/dai-heidelberg.de\/de\/datenschutz\/gewinnspiel-teilnahmebedingungen-festival-of-learning\/","og_site_name":"DAI Deutsch","article_modified_time":"2023-10-24T11:12:55+00:00","twitter_misc":{"Gesch\u00e4tzte Lesezeit":"1\u00a0Minute"},"schema":{"@context":"https:\/\/schema.org","@graph":[{"@type":"WebPage","@id":"https:\/\/dai-heidelberg.de\/de\/datenschutz\/gewinnspiel-teilnahmebedingungen-festival-of-learning\/","url":"https:\/\/dai-heidelberg.de\/de\/datenschutz\/gewinnspiel-teilnahmebedingungen-festival-of-learning\/","name":"Gewinnspiel - Teilnahmebedingungen Festival of Learning - Deutsch-Amerikanisches Institut. Haus der Kultur.","isPartOf":{"@id":"https:\/\/dai-heidelberg.de\/de\/#website"},"datePublished":"2019-09-13T15:15:08+00:00","dateModified":"2023-10-24T11:12:55+00:00","breadcrumb":{"@id":"https:\/\/dai-heidelberg.de\/de\/datenschutz\/gewinnspiel-teilnahmebedingungen-festival-of-learning\/#breadcrumb"},"inLanguage":"de","potentialAction":[{"@type":"ReadAction","target":["https:\/\/dai-heidelberg.de\/de\/datenschutz\/gewinnspiel-teilnahmebedingungen-festival-of-learning\/"]}]},{"@type":"BreadcrumbList","@id":"https:\/\/dai-heidelberg.de\/de\/datenschutz\/gewinnspiel-teilnahmebedingungen-festival-of-learning\/#breadcrumb","itemListElement":[{"@type":"ListItem","position":1,"name":"Startseite","item":"https:\/\/dai-heidelberg.de\/de\/"},{"@type":"ListItem","position":2,"name":"Datenschutzerkl\u00e4rung","item":"https:\/\/dai-heidelberg.de\/de\/datenschutz\/"},{"@type":"ListItem","position":3,"name":"Gewinnspiel &#8211; Teilnahmebedingungen Festival of Learning"}]},{"@type":"WebSite","@id":"https:\/\/dai-heidelberg.de\/de\/#website","url":"https:\/\/dai-heidelberg.de\/de\/","name":"DAI Deutsch","description":"Deutsch-Amerikanisches Institut. Haus der Kultur.","potentialAction":[{"@type":"SearchAction","target":{"@type":"EntryPoint","urlTemplate":"https:\/\/dai-heidelberg.de\/de\/?s={search_term_string}"},"query-input":{"@type":"PropertyValueSpecification","valueRequired":true,"valueName":"search_term_string"}}],"inLanguage":"de"}]}},"_links":{"self":[{"href":"https:\/\/dai-heidelberg.de\/de\/wp-json\/wp\/v2\/pages\/30529","targetHints":{"allow":["GET"]}}],"collection":[{"href":"https:\/\/dai-heidelberg.de\/de\/wp-json\/wp\/v2\/pages"}],"about":[{"href":"https:\/\/dai-heidelberg.de\/de\/wp-json\/wp\/v2\/types\/page"}],"author":[{"embeddable":true,"href":"https:\/\/dai-heidelberg.de\/de\/wp-json\/wp\/v2\/users\/23"}],"replies":[{"embeddable":true,"href":"https:\/\/dai-heidelberg.de\/de\/wp-json\/wp\/v2\/comments?post=30529"}],"version-history":[{"count":2,"href":"https:\/\/dai-heidelberg.de\/de\/wp-json\/wp\/v2\/pages\/30529\/revisions"}],"predecessor-version":[{"id":30531,"href":"https:\/\/dai-heidelberg.de\/de\/wp-json\/wp\/v2\/pages\/30529\/revisions\/30531"}],"up":[{"embeddable":true,"href":"https:\/\/dai-heidelberg.de\/de\/wp-json\/wp\/v2\/pages\/20335"}],"wp:attachment":[{"href":"https:\/\/dai-heidelberg.de\/de\/wp-json\/wp\/v2\/media?parent=30529"}],"curies":[{"name":"wp","href":"https:\/\/api.w.org\/{rel}","templated":true}]}}