{"id":27726,"date":"2019-04-23T19:24:30","date_gmt":"2019-04-23T17:24:30","guid":{"rendered":"https:\/\/dai-heidelberg.de\/de\/?page_id=27726"},"modified":"2023-10-24T12:37:08","modified_gmt":"2023-10-24T10:37:08","slug":"veranstaltungen-fuer-schulklassen-und-lehrkraefte","status":"publish","type":"page","link":"https:\/\/dai-heidelberg.de\/de\/bibliothek\/veranstaltungen-fuer-schulklassen-und-lehrkraefte\/","title":{"rendered":"Angebote f\u00fcr Schulen"},"content":{"rendered":"<p>Sie m\u00f6chten Ihren Sch\u00fclerInnen eine abwechslungsreiche und informative Unterrichtseinheit anbieten, Ihnen fehlt jedoch die richtige Ausstattung? Sie m\u00f6chten Themen mit Ihren Sch\u00fclerInnen diskutieren, die die Sch\u00fclerInnen noch lange besch\u00e4ftigen sollen? Dann ist ein Besuch unserer englischsprachigen Bibliothek genau das Richtige f\u00fcr Sie! In Absprache mit unserer Sprachschule k\u00f6nnen wir Ihnen eine Unterrichtseinheit zu verschiedenen Themengebieten mit US-amerikanischem Bezug anbieten, die Ihre Sch\u00fclerInnen interaktiv einbezieht und ihnen das Erlernte nicht so leicht aus dem Kopf gehen l\u00e4sst.<\/p>\n<p>Sie m\u00f6chten lieber an Ihrer Schule bleiben? Gerne besucht unser Team aus englischen MuttersprachlerInnen Sie in Ihrem Unterricht, um die Sprachfertigkeiten Ihrer Sch\u00fclerInnen zu trainieren und zu verfeinern.<\/p>\n<p>Sie haben individuellere W\u00fcnsche? Sprechen Sie uns an! Gerne gehen wir auf Ihre Ideen zur Unterrichtsgestaltung ein und schn\u00fcren Ihnen ein ganz auf Ihre Schulklasse zugeschnittenes Paket.<\/p>\n<p>Hier finden Sie alle Angebote f\u00fcr Schulklassen im \u00dcberblick:<\/p>\n<p>&nbsp;<\/p>\n","protected":false},"excerpt":{"rendered":"<p>Sie m\u00f6chten Ihren Sch\u00fclerInnen eine abwechslungsreiche und informative Unterrichtseinheit anbieten, Ihnen fehlt jedoch die richtige Ausstattung? Sie m\u00f6chten Themen mit&nbsp;&hellip;<\/p>\n","protected":false},"author":10,"featured_media":0,"parent":31300,"menu_order":0,"comment_status":"closed","ping_status":"closed","template":"","meta":{"footnotes":""},"class_list":["post-27726","page","type-page","status-publish","hentry"],"better_featured_image":null,"yoast_head":"<!-- This site is optimized with the Yoast SEO plugin v27.3 - https:\/\/yoast.com\/product\/yoast-seo-wordpress\/ -->\n<title>Angebote f\u00fcr Schulen - Deutsch-Amerikanisches Institut. Haus der Kultur.<\/title>\n<meta name=\"robots\" content=\"index, follow, max-snippet:-1, max-image-preview:large, max-video-preview:-1\" \/>\n<link rel=\"canonical\" href=\"https:\/\/dai-heidelberg.de\/de\/bibliothek\/veranstaltungen-fuer-schulklassen-und-lehrkraefte\/\" \/>\n<meta property=\"og:locale\" content=\"de_DE\" \/>\n<meta property=\"og:type\" content=\"article\" \/>\n<meta property=\"og:title\" content=\"Angebote f\u00fcr Schulen - Deutsch-Amerikanisches Institut. Haus der Kultur.\" \/>\n<meta property=\"og:description\" content=\"Sie m\u00f6chten Ihren Sch\u00fclerInnen eine abwechslungsreiche und informative Unterrichtseinheit anbieten, Ihnen fehlt jedoch die richtige Ausstattung? Sie m\u00f6chten Themen mit&nbsp;&hellip;\" \/>\n<meta property=\"og:url\" content=\"https:\/\/dai-heidelberg.de\/de\/bibliothek\/veranstaltungen-fuer-schulklassen-und-lehrkraefte\/\" \/>\n<meta property=\"og:site_name\" content=\"DAI Deutsch\" \/>\n<meta property=\"article:modified_time\" content=\"2023-10-24T10:37:08+00:00\" \/>\n<meta name=\"twitter:label1\" content=\"Gesch\u00e4tzte Lesezeit\" \/>\n\t<meta name=\"twitter:data1\" content=\"1\u00a0Minute\" \/>\n<script type=\"application\/ld+json\" class=\"yoast-schema-graph\">{\"@context\":\"https:\\\/\\\/schema.org\",\"@graph\":[{\"@type\":\"WebPage\",\"@id\":\"https:\\\/\\\/dai-heidelberg.de\\\/de\\\/bibliothek\\\/veranstaltungen-fuer-schulklassen-und-lehrkraefte\\\/\",\"url\":\"https:\\\/\\\/dai-heidelberg.de\\\/de\\\/bibliothek\\\/veranstaltungen-fuer-schulklassen-und-lehrkraefte\\\/\",\"name\":\"Angebote f\u00fcr Schulen - Deutsch-Amerikanisches Institut. Haus der Kultur.\",\"isPartOf\":{\"@id\":\"https:\\\/\\\/dai-heidelberg.de\\\/de\\\/#website\"},\"datePublished\":\"2019-04-23T17:24:30+00:00\",\"dateModified\":\"2023-10-24T10:37:08+00:00\",\"breadcrumb\":{\"@id\":\"https:\\\/\\\/dai-heidelberg.de\\\/de\\\/bibliothek\\\/veranstaltungen-fuer-schulklassen-und-lehrkraefte\\\/#breadcrumb\"},\"inLanguage\":\"de\",\"potentialAction\":[{\"@type\":\"ReadAction\",\"target\":[\"https:\\\/\\\/dai-heidelberg.de\\\/de\\\/bibliothek\\\/veranstaltungen-fuer-schulklassen-und-lehrkraefte\\\/\"]}]},{\"@type\":\"BreadcrumbList\",\"@id\":\"https:\\\/\\\/dai-heidelberg.de\\\/de\\\/bibliothek\\\/veranstaltungen-fuer-schulklassen-und-lehrkraefte\\\/#breadcrumb\",\"itemListElement\":[{\"@type\":\"ListItem\",\"position\":1,\"name\":\"Startseite\",\"item\":\"https:\\\/\\\/dai-heidelberg.de\\\/de\\\/\"},{\"@type\":\"ListItem\",\"position\":2,\"name\":\"Bibliothek\",\"item\":\"https:\\\/\\\/dai-heidelberg.de\\\/de\\\/bibliothek\\\/\"},{\"@type\":\"ListItem\",\"position\":3,\"name\":\"Veranstaltungen f\u00fcr Schulklassen und Lehrkr\u00e4fte\"}]},{\"@type\":\"WebSite\",\"@id\":\"https:\\\/\\\/dai-heidelberg.de\\\/de\\\/#website\",\"url\":\"https:\\\/\\\/dai-heidelberg.de\\\/de\\\/\",\"name\":\"DAI Deutsch\",\"description\":\"Deutsch-Amerikanisches Institut. Haus der Kultur.\",\"potentialAction\":[{\"@type\":\"SearchAction\",\"target\":{\"@type\":\"EntryPoint\",\"urlTemplate\":\"https:\\\/\\\/dai-heidelberg.de\\\/de\\\/?s={search_term_string}\"},\"query-input\":{\"@type\":\"PropertyValueSpecification\",\"valueRequired\":true,\"valueName\":\"search_term_string\"}}],\"inLanguage\":\"de\"}]}<\/script>\n<!-- \/ Yoast SEO plugin. -->","yoast_head_json":{"title":"Angebote f\u00fcr Schulen - Deutsch-Amerikanisches Institut. Haus der Kultur.","robots":{"index":"index","follow":"follow","max-snippet":"max-snippet:-1","max-image-preview":"max-image-preview:large","max-video-preview":"max-video-preview:-1"},"canonical":"https:\/\/dai-heidelberg.de\/de\/bibliothek\/veranstaltungen-fuer-schulklassen-und-lehrkraefte\/","og_locale":"de_DE","og_type":"article","og_title":"Angebote f\u00fcr Schulen - Deutsch-Amerikanisches Institut. Haus der Kultur.","og_description":"Sie m\u00f6chten Ihren Sch\u00fclerInnen eine abwechslungsreiche und informative Unterrichtseinheit anbieten, Ihnen fehlt jedoch die richtige Ausstattung? Sie m\u00f6chten Themen mit&nbsp;&hellip;","og_url":"https:\/\/dai-heidelberg.de\/de\/bibliothek\/veranstaltungen-fuer-schulklassen-und-lehrkraefte\/","og_site_name":"DAI Deutsch","article_modified_time":"2023-10-24T10:37:08+00:00","twitter_misc":{"Gesch\u00e4tzte Lesezeit":"1\u00a0Minute"},"schema":{"@context":"https:\/\/schema.org","@graph":[{"@type":"WebPage","@id":"https:\/\/dai-heidelberg.de\/de\/bibliothek\/veranstaltungen-fuer-schulklassen-und-lehrkraefte\/","url":"https:\/\/dai-heidelberg.de\/de\/bibliothek\/veranstaltungen-fuer-schulklassen-und-lehrkraefte\/","name":"Angebote f\u00fcr Schulen - Deutsch-Amerikanisches Institut. Haus der Kultur.","isPartOf":{"@id":"https:\/\/dai-heidelberg.de\/de\/#website"},"datePublished":"2019-04-23T17:24:30+00:00","dateModified":"2023-10-24T10:37:08+00:00","breadcrumb":{"@id":"https:\/\/dai-heidelberg.de\/de\/bibliothek\/veranstaltungen-fuer-schulklassen-und-lehrkraefte\/#breadcrumb"},"inLanguage":"de","potentialAction":[{"@type":"ReadAction","target":["https:\/\/dai-heidelberg.de\/de\/bibliothek\/veranstaltungen-fuer-schulklassen-und-lehrkraefte\/"]}]},{"@type":"BreadcrumbList","@id":"https:\/\/dai-heidelberg.de\/de\/bibliothek\/veranstaltungen-fuer-schulklassen-und-lehrkraefte\/#breadcrumb","itemListElement":[{"@type":"ListItem","position":1,"name":"Startseite","item":"https:\/\/dai-heidelberg.de\/de\/"},{"@type":"ListItem","position":2,"name":"Bibliothek","item":"https:\/\/dai-heidelberg.de\/de\/bibliothek\/"},{"@type":"ListItem","position":3,"name":"Veranstaltungen f\u00fcr Schulklassen und Lehrkr\u00e4fte"}]},{"@type":"WebSite","@id":"https:\/\/dai-heidelberg.de\/de\/#website","url":"https:\/\/dai-heidelberg.de\/de\/","name":"DAI Deutsch","description":"Deutsch-Amerikanisches Institut. Haus der Kultur.","potentialAction":[{"@type":"SearchAction","target":{"@type":"EntryPoint","urlTemplate":"https:\/\/dai-heidelberg.de\/de\/?s={search_term_string}"},"query-input":{"@type":"PropertyValueSpecification","valueRequired":true,"valueName":"search_term_string"}}],"inLanguage":"de"}]}},"_links":{"self":[{"href":"https:\/\/dai-heidelberg.de\/de\/wp-json\/wp\/v2\/pages\/27726","targetHints":{"allow":["GET"]}}],"collection":[{"href":"https:\/\/dai-heidelberg.de\/de\/wp-json\/wp\/v2\/pages"}],"about":[{"href":"https:\/\/dai-heidelberg.de\/de\/wp-json\/wp\/v2\/types\/page"}],"author":[{"embeddable":true,"href":"https:\/\/dai-heidelberg.de\/de\/wp-json\/wp\/v2\/users\/10"}],"replies":[{"embeddable":true,"href":"https:\/\/dai-heidelberg.de\/de\/wp-json\/wp\/v2\/comments?post=27726"}],"version-history":[{"count":6,"href":"https:\/\/dai-heidelberg.de\/de\/wp-json\/wp\/v2\/pages\/27726\/revisions"}],"predecessor-version":[{"id":65048,"href":"https:\/\/dai-heidelberg.de\/de\/wp-json\/wp\/v2\/pages\/27726\/revisions\/65048"}],"up":[{"embeddable":true,"href":"https:\/\/dai-heidelberg.de\/de\/wp-json\/wp\/v2\/pages\/31300"}],"wp:attachment":[{"href":"https:\/\/dai-heidelberg.de\/de\/wp-json\/wp\/v2\/media?parent=27726"}],"curies":[{"name":"wp","href":"https:\/\/api.w.org\/{rel}","templated":true}]}}