{"id":24243,"date":"2018-10-23T18:42:20","date_gmt":"2018-10-23T16:42:20","guid":{"rendered":"https:\/\/dai-heidelberg.de\/de\/?page_id=24243"},"modified":"2018-10-29T16:27:03","modified_gmt":"2018-10-29T15:27:03","slug":"home-schreibwettbewerb-fuer-kinder-und-jugendliche","status":"publish","type":"page","link":"https:\/\/dai-heidelberg.de\/de\/social-acitvities\/home-schreibwettbewerb-fuer-kinder-und-jugendliche\/","title":{"rendered":"Home \u2013 Schreibwettbewerb f\u00fcr Kinder und Jugendliche"},"content":{"rendered":"<p>&nbsp;<\/p>\n<p><strong>HOME \u2013 ZUHAUSE<br \/>\n<\/strong><strong>Gro\u00dfer Schreibwettbewerb* f\u00fcr Kinder und Jugendliche <\/strong><\/p>\n<p>Ihr habt Spa\u00df an Sprache? Ihr schreibt oder performt gerne? Dann macht mit bei unserem gro\u00dfen Schreibwettbewerb zum Thema \u201eHome\/Zuhause\u201c!<br \/>\nSchickt uns eure Geschichten, Songs, Gedichte, Comics oder Performance-Clips und zeigt uns damit, was f\u00fcr euch \u201eHome\/Zuhause\u201c bedeutet.<\/p>\n<p>Alle Kunstformen sind zugelassen \u2013 auf Deutsch oder auf Englisch!<\/p>\n<p>Schickt euern Beitrag bitte per Mail an <a href=\"&#x6d;&#x61;&#x69;&#108;&#116;o:&#x68;&#x6f;&#x6d;&#101;&#64;da&#x69;&#x2d;&#x68;&#101;&#105;de&#x6c;&#x62;&#x65;&#114;&#103;&#46;d&#x65;\">&#104;o&#x6d;e&#x40;d&#x61;i&#x2d;&#104;&#x65;&#105;&#x64;&#101;&#x6c;&#98;e&#114;g&#x2e;d&#x65;<\/a>.<\/p>\n<p><strong>Einsendeschluss ist der 6. Dezember 2018.<br \/>\n<\/strong>Bitte gebt bei der Einsendung euern vollen Namen, euer Alter und eure Adresse an.<\/p>\n<p>Lasst eurer Fantasie freien Lauf, wir sind gespannt auf eure Ideen!<\/p>\n<p>&nbsp;<\/p>\n<p>Als <strong>Hauptpreis<\/strong> k\u00f6nnt ihr f\u00fcr euer Zimmer zuhause den hochwertigen Sitzsack \u201eKolumbus\u201c im Wert von 150 Euro gewinnen. Als 2. und 3. Preis winken tolle Rucks\u00e4cke.<\/p>\n<p>Weitere Preise: Robotik-Bauk\u00e4sten, Spiele auf Englisch, B\u00fccher-Gutscheine im Wert von je 20 Euro, Notizb\u00fccher, Schreibzeug und vieles mehr.<\/p>\n<p>&nbsp;<\/p>\n<p><strong>IHR WOLLT MIT EURER SCHULKLASSE MITMACHEN?<br \/>\nGEWINNT EINE KLASSENPARTY IN UNSERER BIBLIOTHEK! <\/strong><\/p>\n<p>Die Teilnahmebedingungen des Schreibwettbewerbs finden Sie <a href=\"https:\/\/dai-heidelberg.de\/de\/wp-content\/uploads\/sites\/2\/2018\/10\/Ausstellung_HOME_TN-Bedingungen.pdf\">hier<\/a>.<\/p>\n<p>&nbsp;<\/p>\n<p>&nbsp;<\/p>\n<p>*Mitarbeiter des DAI Heidelberg und deren Angeh\u00f6rige sind vom Wettbewerb ausgeschlossen.<\/p>\n<p>&nbsp;<\/p>\n<p>&nbsp;<\/p>\n<p>&nbsp;<\/p>\n<p>&nbsp;<\/p>\n<p>&nbsp;<\/p>\n","protected":false},"excerpt":{"rendered":"<p>&nbsp; HOME \u2013 ZUHAUSE Gro\u00dfer Schreibwettbewerb* f\u00fcr Kinder und Jugendliche Ihr habt Spa\u00df an Sprache? Ihr schreibt oder performt gerne?&nbsp;&hellip;<\/p>\n","protected":false},"author":10,"featured_media":24244,"parent":6796,"menu_order":0,"comment_status":"closed","ping_status":"closed","template":"","meta":{"footnotes":""},"class_list":["post-24243","page","type-page","status-publish","has-post-thumbnail","hentry"],"better_featured_image":{"id":24244,"alt_text":"","caption":"","description":"","media_type":"image","media_details":{"width":700,"height":365,"file":"2018\/10\/Home.jpg","sizes":{"medium":{"file":"Home-300x156.jpg","width":300,"height":156,"mime-type":"image\/jpeg","source_url":"https:\/\/dai-heidelberg.de\/de\/wp-content\/uploads\/sites\/2\/2018\/10\/Home-300x156.jpg"},"thumbnail":{"file":"Home-150x150.jpg","width":150,"height":150,"mime-type":"image\/jpeg","source_url":"https:\/\/dai-heidelberg.de\/de\/wp-content\/uploads\/sites\/2\/2018\/10\/Home-150x150.jpg"},"dai-list":{"file":"Home-140x140.jpg","width":140,"height":140,"mime-type":"image\/jpeg","source_url":"https:\/\/dai-heidelberg.de\/de\/wp-content\/uploads\/sites\/2\/2018\/10\/Home-140x140.jpg"},"dai-selector":{"file":"Home-240x170.jpg","width":240,"height":170,"mime-type":"image\/jpeg","source_url":"https:\/\/dai-heidelberg.de\/de\/wp-content\/uploads\/sites\/2\/2018\/10\/Home-240x170.jpg"},"dai-hof":{"file":"Home-240x192.jpg","width":240,"height":192,"mime-type":"image\/jpeg","source_url":"https:\/\/dai-heidelberg.de\/de\/wp-content\/uploads\/sites\/2\/2018\/10\/Home-240x192.jpg"}},"image_meta":{"aperture":"0","credit":"","camera":"","caption":"","created_timestamp":"0","copyright":"","focal_length":"0","iso":"0","shutter_speed":"0","title":"","orientation":"0","keywords":[]}},"post":24243,"source_url":"https:\/\/dai-heidelberg.de\/de\/wp-content\/uploads\/sites\/2\/2018\/10\/Home.jpg"},"yoast_head":"<!-- This site is optimized with the Yoast SEO plugin v27.4 - https:\/\/yoast.com\/product\/yoast-seo-wordpress\/ -->\n<title>Home \u2013 Schreibwettbewerb f\u00fcr Kinder und Jugendliche - Deutsch-Amerikanisches Institut. Haus der Kultur.<\/title>\n<meta name=\"robots\" content=\"index, follow, max-snippet:-1, max-image-preview:large, max-video-preview:-1\" \/>\n<link rel=\"canonical\" href=\"https:\/\/dai-heidelberg.de\/de\/social-acitvities\/home-schreibwettbewerb-fuer-kinder-und-jugendliche\/\" \/>\n<meta property=\"og:locale\" content=\"de_DE\" \/>\n<meta property=\"og:type\" content=\"article\" \/>\n<meta property=\"og:title\" content=\"Home \u2013 Schreibwettbewerb f\u00fcr Kinder und Jugendliche - Deutsch-Amerikanisches Institut. Haus der Kultur.\" \/>\n<meta property=\"og:description\" content=\"&nbsp; HOME \u2013 ZUHAUSE Gro\u00dfer Schreibwettbewerb* f\u00fcr Kinder und Jugendliche Ihr habt Spa\u00df an Sprache? Ihr schreibt oder performt gerne?&nbsp;&hellip;\" \/>\n<meta property=\"og:url\" content=\"https:\/\/dai-heidelberg.de\/de\/social-acitvities\/home-schreibwettbewerb-fuer-kinder-und-jugendliche\/\" \/>\n<meta property=\"og:site_name\" content=\"DAI Deutsch\" \/>\n<meta property=\"article:modified_time\" content=\"2018-10-29T15:27:03+00:00\" \/>\n<meta property=\"og:image\" content=\"https:\/\/dai-heidelberg.de\/de\/wp-content\/uploads\/sites\/2\/2018\/10\/Home.jpg\" \/>\n\t<meta property=\"og:image:width\" content=\"700\" \/>\n\t<meta property=\"og:image:height\" content=\"365\" \/>\n\t<meta property=\"og:image:type\" content=\"image\/jpeg\" \/>\n<meta name=\"twitter:label1\" content=\"Gesch\u00e4tzte Lesezeit\" \/>\n\t<meta name=\"twitter:data1\" content=\"1\u00a0Minute\" \/>\n<script type=\"application\/ld+json\" class=\"yoast-schema-graph\">{\"@context\":\"https:\\\/\\\/schema.org\",\"@graph\":[{\"@type\":\"WebPage\",\"@id\":\"https:\\\/\\\/dai-heidelberg.de\\\/de\\\/social-acitvities\\\/home-schreibwettbewerb-fuer-kinder-und-jugendliche\\\/\",\"url\":\"https:\\\/\\\/dai-heidelberg.de\\\/de\\\/social-acitvities\\\/home-schreibwettbewerb-fuer-kinder-und-jugendliche\\\/\",\"name\":\"Home \u2013 Schreibwettbewerb f\u00fcr Kinder und Jugendliche - Deutsch-Amerikanisches Institut. Haus der Kultur.\",\"isPartOf\":{\"@id\":\"https:\\\/\\\/dai-heidelberg.de\\\/de\\\/#website\"},\"primaryImageOfPage\":{\"@id\":\"https:\\\/\\\/dai-heidelberg.de\\\/de\\\/social-acitvities\\\/home-schreibwettbewerb-fuer-kinder-und-jugendliche\\\/#primaryimage\"},\"image\":{\"@id\":\"https:\\\/\\\/dai-heidelberg.de\\\/de\\\/social-acitvities\\\/home-schreibwettbewerb-fuer-kinder-und-jugendliche\\\/#primaryimage\"},\"thumbnailUrl\":\"https:\\\/\\\/dai-heidelberg.de\\\/de\\\/wp-content\\\/uploads\\\/sites\\\/2\\\/2018\\\/10\\\/Home.jpg\",\"datePublished\":\"2018-10-23T16:42:20+00:00\",\"dateModified\":\"2018-10-29T15:27:03+00:00\",\"breadcrumb\":{\"@id\":\"https:\\\/\\\/dai-heidelberg.de\\\/de\\\/social-acitvities\\\/home-schreibwettbewerb-fuer-kinder-und-jugendliche\\\/#breadcrumb\"},\"inLanguage\":\"de\",\"potentialAction\":[{\"@type\":\"ReadAction\",\"target\":[\"https:\\\/\\\/dai-heidelberg.de\\\/de\\\/social-acitvities\\\/home-schreibwettbewerb-fuer-kinder-und-jugendliche\\\/\"]}]},{\"@type\":\"ImageObject\",\"inLanguage\":\"de\",\"@id\":\"https:\\\/\\\/dai-heidelberg.de\\\/de\\\/social-acitvities\\\/home-schreibwettbewerb-fuer-kinder-und-jugendliche\\\/#primaryimage\",\"url\":\"https:\\\/\\\/dai-heidelberg.de\\\/de\\\/wp-content\\\/uploads\\\/sites\\\/2\\\/2018\\\/10\\\/Home.jpg\",\"contentUrl\":\"https:\\\/\\\/dai-heidelberg.de\\\/de\\\/wp-content\\\/uploads\\\/sites\\\/2\\\/2018\\\/10\\\/Home.jpg\",\"width\":700,\"height\":365},{\"@type\":\"BreadcrumbList\",\"@id\":\"https:\\\/\\\/dai-heidelberg.de\\\/de\\\/social-acitvities\\\/home-schreibwettbewerb-fuer-kinder-und-jugendliche\\\/#breadcrumb\",\"itemListElement\":[{\"@type\":\"ListItem\",\"position\":1,\"name\":\"Startseite\",\"item\":\"https:\\\/\\\/dai-heidelberg.de\\\/de\\\/\"},{\"@type\":\"ListItem\",\"position\":2,\"name\":\"Social Activities\",\"item\":\"https:\\\/\\\/dai-heidelberg.de\\\/de\\\/?page_id=6796\"},{\"@type\":\"ListItem\",\"position\":3,\"name\":\"Home \u2013 Schreibwettbewerb f\u00fcr Kinder und Jugendliche\"}]},{\"@type\":\"WebSite\",\"@id\":\"https:\\\/\\\/dai-heidelberg.de\\\/de\\\/#website\",\"url\":\"https:\\\/\\\/dai-heidelberg.de\\\/de\\\/\",\"name\":\"DAI Deutsch\",\"description\":\"Deutsch-Amerikanisches Institut. Haus der Kultur.\",\"potentialAction\":[{\"@type\":\"SearchAction\",\"target\":{\"@type\":\"EntryPoint\",\"urlTemplate\":\"https:\\\/\\\/dai-heidelberg.de\\\/de\\\/?s={search_term_string}\"},\"query-input\":{\"@type\":\"PropertyValueSpecification\",\"valueRequired\":true,\"valueName\":\"search_term_string\"}}],\"inLanguage\":\"de\"}]}<\/script>\n<!-- \/ Yoast SEO plugin. -->","yoast_head_json":{"title":"Home \u2013 Schreibwettbewerb f\u00fcr Kinder und Jugendliche - Deutsch-Amerikanisches Institut. Haus der Kultur.","robots":{"index":"index","follow":"follow","max-snippet":"max-snippet:-1","max-image-preview":"max-image-preview:large","max-video-preview":"max-video-preview:-1"},"canonical":"https:\/\/dai-heidelberg.de\/de\/social-acitvities\/home-schreibwettbewerb-fuer-kinder-und-jugendliche\/","og_locale":"de_DE","og_type":"article","og_title":"Home \u2013 Schreibwettbewerb f\u00fcr Kinder und Jugendliche - Deutsch-Amerikanisches Institut. Haus der Kultur.","og_description":"&nbsp; HOME \u2013 ZUHAUSE Gro\u00dfer Schreibwettbewerb* f\u00fcr Kinder und Jugendliche Ihr habt Spa\u00df an Sprache? Ihr schreibt oder performt gerne?&nbsp;&hellip;","og_url":"https:\/\/dai-heidelberg.de\/de\/social-acitvities\/home-schreibwettbewerb-fuer-kinder-und-jugendliche\/","og_site_name":"DAI Deutsch","article_modified_time":"2018-10-29T15:27:03+00:00","og_image":[{"width":700,"height":365,"url":"https:\/\/dai-heidelberg.de\/de\/wp-content\/uploads\/sites\/2\/2018\/10\/Home.jpg","type":"image\/jpeg"}],"twitter_misc":{"Gesch\u00e4tzte Lesezeit":"1\u00a0Minute"},"schema":{"@context":"https:\/\/schema.org","@graph":[{"@type":"WebPage","@id":"https:\/\/dai-heidelberg.de\/de\/social-acitvities\/home-schreibwettbewerb-fuer-kinder-und-jugendliche\/","url":"https:\/\/dai-heidelberg.de\/de\/social-acitvities\/home-schreibwettbewerb-fuer-kinder-und-jugendliche\/","name":"Home \u2013 Schreibwettbewerb f\u00fcr Kinder und Jugendliche - Deutsch-Amerikanisches Institut. Haus der Kultur.","isPartOf":{"@id":"https:\/\/dai-heidelberg.de\/de\/#website"},"primaryImageOfPage":{"@id":"https:\/\/dai-heidelberg.de\/de\/social-acitvities\/home-schreibwettbewerb-fuer-kinder-und-jugendliche\/#primaryimage"},"image":{"@id":"https:\/\/dai-heidelberg.de\/de\/social-acitvities\/home-schreibwettbewerb-fuer-kinder-und-jugendliche\/#primaryimage"},"thumbnailUrl":"https:\/\/dai-heidelberg.de\/de\/wp-content\/uploads\/sites\/2\/2018\/10\/Home.jpg","datePublished":"2018-10-23T16:42:20+00:00","dateModified":"2018-10-29T15:27:03+00:00","breadcrumb":{"@id":"https:\/\/dai-heidelberg.de\/de\/social-acitvities\/home-schreibwettbewerb-fuer-kinder-und-jugendliche\/#breadcrumb"},"inLanguage":"de","potentialAction":[{"@type":"ReadAction","target":["https:\/\/dai-heidelberg.de\/de\/social-acitvities\/home-schreibwettbewerb-fuer-kinder-und-jugendliche\/"]}]},{"@type":"ImageObject","inLanguage":"de","@id":"https:\/\/dai-heidelberg.de\/de\/social-acitvities\/home-schreibwettbewerb-fuer-kinder-und-jugendliche\/#primaryimage","url":"https:\/\/dai-heidelberg.de\/de\/wp-content\/uploads\/sites\/2\/2018\/10\/Home.jpg","contentUrl":"https:\/\/dai-heidelberg.de\/de\/wp-content\/uploads\/sites\/2\/2018\/10\/Home.jpg","width":700,"height":365},{"@type":"BreadcrumbList","@id":"https:\/\/dai-heidelberg.de\/de\/social-acitvities\/home-schreibwettbewerb-fuer-kinder-und-jugendliche\/#breadcrumb","itemListElement":[{"@type":"ListItem","position":1,"name":"Startseite","item":"https:\/\/dai-heidelberg.de\/de\/"},{"@type":"ListItem","position":2,"name":"Social Activities","item":"https:\/\/dai-heidelberg.de\/de\/?page_id=6796"},{"@type":"ListItem","position":3,"name":"Home \u2013 Schreibwettbewerb f\u00fcr Kinder und Jugendliche"}]},{"@type":"WebSite","@id":"https:\/\/dai-heidelberg.de\/de\/#website","url":"https:\/\/dai-heidelberg.de\/de\/","name":"DAI Deutsch","description":"Deutsch-Amerikanisches Institut. Haus der Kultur.","potentialAction":[{"@type":"SearchAction","target":{"@type":"EntryPoint","urlTemplate":"https:\/\/dai-heidelberg.de\/de\/?s={search_term_string}"},"query-input":{"@type":"PropertyValueSpecification","valueRequired":true,"valueName":"search_term_string"}}],"inLanguage":"de"}]}},"_links":{"self":[{"href":"https:\/\/dai-heidelberg.de\/de\/wp-json\/wp\/v2\/pages\/24243","targetHints":{"allow":["GET"]}}],"collection":[{"href":"https:\/\/dai-heidelberg.de\/de\/wp-json\/wp\/v2\/pages"}],"about":[{"href":"https:\/\/dai-heidelberg.de\/de\/wp-json\/wp\/v2\/types\/page"}],"author":[{"embeddable":true,"href":"https:\/\/dai-heidelberg.de\/de\/wp-json\/wp\/v2\/users\/10"}],"replies":[{"embeddable":true,"href":"https:\/\/dai-heidelberg.de\/de\/wp-json\/wp\/v2\/comments?post=24243"}],"version-history":[{"count":8,"href":"https:\/\/dai-heidelberg.de\/de\/wp-json\/wp\/v2\/pages\/24243\/revisions"}],"predecessor-version":[{"id":24306,"href":"https:\/\/dai-heidelberg.de\/de\/wp-json\/wp\/v2\/pages\/24243\/revisions\/24306"}],"up":[{"embeddable":true,"href":"https:\/\/dai-heidelberg.de\/de\/wp-json\/wp\/v2\/pages\/6796"}],"wp:featuredmedia":[{"embeddable":true,"href":"https:\/\/dai-heidelberg.de\/de\/wp-json\/wp\/v2\/media\/24244"}],"wp:attachment":[{"href":"https:\/\/dai-heidelberg.de\/de\/wp-json\/wp\/v2\/media?parent=24243"}],"curies":[{"name":"wp","href":"https:\/\/api.w.org\/{rel}","templated":true}]}}